{"id":19977,"date":"2020-12-01T12:44:58","date_gmt":"2020-12-01T12:44:58","guid":{"rendered":"http:\/\/goliaz.com\/?post_type=product&#038;p=19977"},"modified":"2023-01-06T15:53:55","modified_gmt":"2023-01-06T15:53:55","slug":"unisex-multifunctional-bandana","status":"publish","type":"product","link":"https:\/\/goliaz.com\/de\/produkt\/unisex-multifunctional-bandana\/","title":{"rendered":"MULTIFUNKTIONS BANDANA"},"content":{"rendered":"<h3 class=\"woocommerce_description\">BESCHREIBUNG<\/h3>\n<p><strong>Beschaffenheit:<\/strong><\/p>\n<ul>\n<li>Der Stoff wird mit einer modernen Nanopartikelsublimationsmethode mit umweltfreundlichem ECO INK gef\u00e4rbt, daher ist das Produkt auch f\u00fcr Kinder geeignet und hypoallergen.<\/li>\n<li>Das Gewebe enth\u00e4lt SILBER-ION-Fasern mit antibakteriellen Eigenschaften, die Ger\u00fcche wirksam unterdr\u00fccken.<\/li>\n<\/ul>\n<p><strong>Material:<\/strong><\/p>\n<p>94% Polyester, 6% Elasthan<\/p>","protected":false},"excerpt":{"rendered":"<p><span data-sheets-value=\"{&quot;1&quot;:2,&quot;2&quot;:&quot;This Bandana or Buff is a real Jack of all trades. It can be used as a hat, a scarf, a hairband, a face mask etc. and will soon become your constant companion.&quot;}\" data-sheets-userformat=\"{&quot;2&quot;:771,&quot;3&quot;:{&quot;1&quot;:0},&quot;4&quot;:[null,2,14281427],&quot;11&quot;:4,&quot;12&quot;:0}\">This Bandana or Buff is a real Jack of all trades. It can be used as a hat, a scarf, a hairband, a face mask etc. and will soon become your constant companion.<\/span><\/p>\n","protected":false},"featured_media":20287,"template":"","meta":{"site-sidebar-layout":"default","site-content-layout":"","ast-site-content-layout":"","site-content-style":"default","site-sidebar-style":"default","ast-global-header-display":"","ast-banner-title-visibility":"","ast-main-header-display":"","ast-hfb-above-header-display":"","ast-hfb-below-header-display":"","ast-hfb-mobile-header-display":"","site-post-title":"","ast-breadcrumbs-content":"","ast-featured-img":"","footer-sml-layout":"","theme-transparent-header-meta":"","adv-header-id-meta":"","stick-header-meta":"","header-above-stick-meta":"","header-main-stick-meta":"","header-below-stick-meta":"","astra-migrate-meta-layouts":"default","ast-page-background-enabled":"default","ast-page-background-meta":{"desktop":{"background-color":"var(--ast-global-color-4)","background-image":"","background-repeat":"repeat","background-position":"center center","background-size":"auto","background-attachment":"scroll","background-type":"","background-media":"","overlay-type":"","overlay-color":"","overlay-opacity":"","overlay-gradient":""},"tablet":{"background-color":"","background-image":"","background-repeat":"repeat","background-position":"center center","background-size":"auto","background-attachment":"scroll","background-type":"","background-media":"","overlay-type":"","overlay-color":"","overlay-opacity":"","overlay-gradient":""},"mobile":{"background-color":"","background-image":"","background-repeat":"repeat","background-position":"center center","background-size":"auto","background-attachment":"scroll","background-type":"","background-media":"","overlay-type":"","overlay-color":"","overlay-opacity":"","overlay-gradient":""}},"ast-content-background-meta":{"desktop":{"background-color":"var(--ast-global-color-5)","background-image":"","background-repeat":"repeat","background-position":"center center","background-size":"auto","background-attachment":"scroll","background-type":"","background-media":"","overlay-type":"","overlay-color":"","overlay-opacity":"","overlay-gradient":""},"tablet":{"background-color":"var(--ast-global-color-5)","background-image":"","background-repeat":"repeat","background-position":"center center","background-size":"auto","background-attachment":"scroll","background-type":"","background-media":"","overlay-type":"","overlay-color":"","overlay-opacity":"","overlay-gradient":""},"mobile":{"background-color":"var(--ast-global-color-5)","background-image":"","background-repeat":"repeat","background-position":"center center","background-size":"auto","background-attachment":"scroll","background-type":"","background-media":"","overlay-type":"","overlay-color":"","overlay-opacity":"","overlay-gradient":""}}},"product_brand":[],"product_cat":[258,48],"product_tag":[],"class_list":{"0":"post-19977","1":"product","2":"type-product","3":"status-publish","4":"has-post-thumbnail","6":"product_cat-all-products","7":"product_cat-accessories","9":"first","10":"instock","11":"taxable","12":"shipping-taxable","13":"purchasable","14":"product-type-simple"},"aioseo_notices":[],"_links":{"self":[{"href":"https:\/\/goliaz.com\/de\/wp-json\/wp\/v2\/product\/19977"}],"collection":[{"href":"https:\/\/goliaz.com\/de\/wp-json\/wp\/v2\/product"}],"about":[{"href":"https:\/\/goliaz.com\/de\/wp-json\/wp\/v2\/types\/product"}],"wp:featuredmedia":[{"embeddable":true,"href":"https:\/\/goliaz.com\/de\/wp-json\/wp\/v2\/media\/20287"}],"wp:attachment":[{"href":"https:\/\/goliaz.com\/de\/wp-json\/wp\/v2\/media?parent=19977"}],"wp:term":[{"taxonomy":"product_brand","embeddable":true,"href":"https:\/\/goliaz.com\/de\/wp-json\/wp\/v2\/product_brand?post=19977"},{"taxonomy":"product_cat","embeddable":true,"href":"https:\/\/goliaz.com\/de\/wp-json\/wp\/v2\/product_cat?post=19977"},{"taxonomy":"product_tag","embeddable":true,"href":"https:\/\/goliaz.com\/de\/wp-json\/wp\/v2\/product_tag?post=19977"}],"curies":[{"name":"wp","href":"https:\/\/api.w.org\/{rel}","templated":true}]}}