{"id":19978,"date":"2020-12-01T12:33:09","date_gmt":"2020-12-01T12:33:09","guid":{"rendered":"http:\/\/goliaz.com\/?post_type=product&#038;p=19978"},"modified":"2022-10-26T14:31:52","modified_gmt":"2022-10-26T14:31:52","slug":"mens-long-training-leggings","status":"publish","type":"product","link":"https:\/\/goliaz.com\/es\/producto\/mens-long-training-leggings\/","title":{"rendered":"MALLAS LARGAS DE HOMBRE"},"content":{"rendered":"<h3 class=\"woocommerce_description\">DESCRIPCI\u00d3N<\/h3>\n<p><img decoding=\"async\" class=\"alignnone wp-image-31561 size-medium\" src=\"https:\/\/goliaz.com\/wp-content\/uploads\/2020\/12\/LSO1-001-EUA-300x120.jpeg\" alt=\"\" width=\"600\" srcset=\"https:\/\/goliaz.com\/wp-content\/uploads\/2020\/12\/LSO1-001-EUA-300x120.jpeg 300w, https:\/\/goliaz.com\/wp-content\/uploads\/2020\/12\/LSO1-001-EUA-1024x410.jpeg 1024w, https:\/\/goliaz.com\/wp-content\/uploads\/2020\/12\/LSO1-001-EUA-768x307.jpeg 768w, https:\/\/goliaz.com\/wp-content\/uploads\/2020\/12\/LSO1-001-EUA-1536x614.jpeg 1536w, https:\/\/goliaz.com\/wp-content\/uploads\/2020\/12\/LSO1-001-EUA-2048x819.jpeg 2048w, https:\/\/goliaz.com\/wp-content\/uploads\/2020\/12\/LSO1-001-EUA-16x6.jpeg 16w, https:\/\/goliaz.com\/wp-content\/uploads\/2020\/12\/LSO1-001-EUA-600x240.jpeg 600w\" sizes=\"(max-width: 300px) 100vw, 300px\" \/><\/p>\n<p><strong>Material:<\/strong><\/p>\n<ul>\n<li>El tejido THERMOPERFORMANCE que absorbe la humedad te ayuda a mantenerte seco y c\u00f3modo.<br \/>\nMaterial ligero y transpirable que garantiza un secado r\u00e1pido, incluso despu\u00e9s de atravesar un obst\u00e1culo de agua.<\/li>\n<li>El tejido contiene fibras con IONES DE PLATA  con propiedades bacteriost\u00e1ticas que suprimen eficazmente el olor.<\/li>\n<\/ul>\n<p><strong>Caracter\u00edsticas pr\u00e1cticas:<\/strong><\/p>\n<ul>\n<li>Ajuste ce\u00f1ido y c\u00f3modo.<\/li>\n<li>Tecnolog\u00eda SECOND SKIN, con un corte especial basado en la anatom\u00eda y una estructura de paneles que  garantiza un ajuste perfecto, libertad de movimientos ilimitada, y resistencia aumentada tanto al da\u00f1o como a la deformaci\u00f3n.<\/li>\n<li>Las zonas de ventilaci\u00f3n AIRPANEL te mantendr\u00e1n fresco durante las sesiones de entrenamiento intensas.<\/li>\n<\/ul>\n<p><strong>Material:<\/strong><\/p>\n<p>92% Poli\u00e9ster, 8% Elastano<\/p>","protected":false},"excerpt":{"rendered":"<p><span data-sheets-value=\"{&quot;1&quot;:2,&quot;2&quot;:&quot;These multisport tights are great for all indoor and outdoor activities.&quot;}\" data-sheets-userformat=\"{&quot;2&quot;:771,&quot;3&quot;:{&quot;1&quot;:0},&quot;4&quot;:[null,2,14281427],&quot;11&quot;:4,&quot;12&quot;:0}\" data-sheets-formula=\"='WOMEN\u2019S LONG LEGGINGS'!R[0]C[0]\">These multisport tights are great for all indoor and outdoor activities.<\/span><\/p>\n","protected":false},"featured_media":20216,"template":"","meta":{"site-sidebar-layout":"default","site-content-layout":"","ast-site-content-layout":"","site-content-style":"default","site-sidebar-style":"default","ast-global-header-display":"","ast-banner-title-visibility":"","ast-main-header-display":"","ast-hfb-above-header-display":"","ast-hfb-below-header-display":"","ast-hfb-mobile-header-display":"","site-post-title":"","ast-breadcrumbs-content":"","ast-featured-img":"","footer-sml-layout":"","theme-transparent-header-meta":"","adv-header-id-meta":"","stick-header-meta":"","header-above-stick-meta":"","header-main-stick-meta":"","header-below-stick-meta":"","astra-migrate-meta-layouts":"default","ast-page-background-enabled":"default","ast-page-background-meta":{"desktop":{"background-color":"var(--ast-global-color-4)","background-image":"","background-repeat":"repeat","background-position":"center center","background-size":"auto","background-attachment":"scroll","background-type":"","background-media":"","overlay-type":"","overlay-color":"","overlay-opacity":"","overlay-gradient":""},"tablet":{"background-color":"","background-image":"","background-repeat":"repeat","background-position":"center center","background-size":"auto","background-attachment":"scroll","background-type":"","background-media":"","overlay-type":"","overlay-color":"","overlay-opacity":"","overlay-gradient":""},"mobile":{"background-color":"","background-image":"","background-repeat":"repeat","background-position":"center center","background-size":"auto","background-attachment":"scroll","background-type":"","background-media":"","overlay-type":"","overlay-color":"","overlay-opacity":"","overlay-gradient":""}},"ast-content-background-meta":{"desktop":{"background-color":"var(--ast-global-color-5)","background-image":"","background-repeat":"repeat","background-position":"center center","background-size":"auto","background-attachment":"scroll","background-type":"","background-media":"","overlay-type":"","overlay-color":"","overlay-opacity":"","overlay-gradient":""},"tablet":{"background-color":"var(--ast-global-color-5)","background-image":"","background-repeat":"repeat","background-position":"center center","background-size":"auto","background-attachment":"scroll","background-type":"","background-media":"","overlay-type":"","overlay-color":"","overlay-opacity":"","overlay-gradient":""},"mobile":{"background-color":"var(--ast-global-color-5)","background-image":"","background-repeat":"repeat","background-position":"center center","background-size":"auto","background-attachment":"scroll","background-type":"","background-media":"","overlay-type":"","overlay-color":"","overlay-opacity":"","overlay-gradient":""}}},"product_brand":[],"product_cat":[258,257],"product_tag":[],"class_list":{"0":"post-19978","1":"product","2":"type-product","3":"status-publish","4":"has-post-thumbnail","6":"product_cat-all-products","7":"product_cat-pants","9":"first","10":"instock","11":"taxable","12":"shipping-taxable","13":"purchasable","14":"product-type-variable"},"aioseo_notices":[],"_links":{"self":[{"href":"https:\/\/goliaz.com\/es\/wp-json\/wp\/v2\/product\/19978"}],"collection":[{"href":"https:\/\/goliaz.com\/es\/wp-json\/wp\/v2\/product"}],"about":[{"href":"https:\/\/goliaz.com\/es\/wp-json\/wp\/v2\/types\/product"}],"wp:featuredmedia":[{"embeddable":true,"href":"https:\/\/goliaz.com\/es\/wp-json\/wp\/v2\/media\/20216"}],"wp:attachment":[{"href":"https:\/\/goliaz.com\/es\/wp-json\/wp\/v2\/media?parent=19978"}],"wp:term":[{"taxonomy":"product_brand","embeddable":true,"href":"https:\/\/goliaz.com\/es\/wp-json\/wp\/v2\/product_brand?post=19978"},{"taxonomy":"product_cat","embeddable":true,"href":"https:\/\/goliaz.com\/es\/wp-json\/wp\/v2\/product_cat?post=19978"},{"taxonomy":"product_tag","embeddable":true,"href":"https:\/\/goliaz.com\/es\/wp-json\/wp\/v2\/product_tag?post=19978"}],"curies":[{"name":"wp","href":"https:\/\/api.w.org\/{rel}","templated":true}]}}