{"id":39168,"date":"2024-11-20T20:17:17","date_gmt":"2024-11-20T20:17:17","guid":{"rendered":"https:\/\/goliaz.com\/?page_id=39168"},"modified":"2024-11-20T20:17:36","modified_gmt":"2024-11-20T20:17:36","slug":"blog-5","status":"publish","type":"page","link":"https:\/\/goliaz.com\/fr\/blog-5\/","title":{"rendered":"Blog"},"content":{"rendered":"<div data-elementor-type=\"wp-page\" data-elementor-id=\"39168\" class=\"elementor elementor-39168\">\n\t\t\t\t<div class=\"elementor-element elementor-element-f1aeb95 e-flex e-con-boxed e-con e-parent\" data-id=\"f1aeb95\" data-element_type=\"container\" data-e-type=\"container\" data-settings=\"{&quot;background_background&quot;:&quot;classic&quot;}\">\n\t\t\t\t\t<div class=\"e-con-inner\">\n\t\t<div class=\"elementor-element elementor-element-25b3567 e-con-full e-flex e-con e-child\" data-id=\"25b3567\" data-element_type=\"container\" data-e-type=\"container\">\n\t\t\t\t<div class=\"elementor-element elementor-element-489d033 elementor-widget elementor-widget-heading\" data-id=\"489d033\" data-element_type=\"widget\" data-e-type=\"widget\" data-widget_type=\"heading.default\">\n\t\t\t\t<div class=\"elementor-widget-container\">\n\t\t\t\t\t<h4 class=\"elementor-heading-title elementor-size-default\">Neuigkeiten und Wissensh\u00e4ppchen<\/h4>\t\t\t\t<\/div>\n\t\t\t\t<\/div>\n\t\t\t\t<div class=\"elementor-element elementor-element-283b0a8 elementor-widget elementor-widget-heading\" data-id=\"283b0a8\" data-element_type=\"widget\" data-e-type=\"widget\" data-widget_type=\"heading.default\">\n\t\t\t\t<div class=\"elementor-widget-container\">\n\t\t\t\t\t<h3 class=\"elementor-heading-title elementor-size-medium\">BLOG<\/h3>\t\t\t\t<\/div>\n\t\t\t\t<\/div>\n\t\t\t\t<\/div>\n\t\t<div class=\"elementor-element elementor-element-d2e08d6 e-con-full e-flex e-con e-child\" data-id=\"d2e08d6\" data-element_type=\"container\" data-e-type=\"container\">\n\t\t\t\t<div class=\"elementor-element elementor-element-6815db2 elementor-widget elementor-widget-image\" data-id=\"6815db2\" data-element_type=\"widget\" data-e-type=\"widget\" data-widget_type=\"image.default\">\n\t\t\t\t<div class=\"elementor-widget-container\">\n\t\t\t\t\t\t\t\t\t\t\t\t\t\t\t<img fetchpriority=\"high\" decoding=\"async\" width=\"2560\" height=\"1920\" src=\"https:\/\/goliaz.com\/wp-content\/uploads\/2022\/08\/20220502-21-scaled.jpg\" class=\"attachment-full size-full wp-image-35513\" alt=\"\" srcset=\"https:\/\/goliaz.com\/wp-content\/uploads\/2022\/08\/20220502-21-scaled.jpg 2560w, https:\/\/goliaz.com\/wp-content\/uploads\/2022\/08\/20220502-21-300x225.jpg 300w, https:\/\/goliaz.com\/wp-content\/uploads\/2022\/08\/20220502-21-1024x768.jpg 1024w, https:\/\/goliaz.com\/wp-content\/uploads\/2022\/08\/20220502-21-768x576.jpg 768w, https:\/\/goliaz.com\/wp-content\/uploads\/2022\/08\/20220502-21-1536x1152.jpg 1536w, https:\/\/goliaz.com\/wp-content\/uploads\/2022\/08\/20220502-21-2048x1536.jpg 2048w, https:\/\/goliaz.com\/wp-content\/uploads\/2022\/08\/20220502-21-16x12.jpg 16w, https:\/\/goliaz.com\/wp-content\/uploads\/2022\/08\/20220502-21-600x450.jpg 600w\" sizes=\"(max-width: 2560px) 100vw, 2560px\" \/>\t\t\t\t\t\t\t\t\t\t\t\t\t\t\t<\/div>\n\t\t\t\t<\/div>\n\t\t\t\t<\/div>\n\t\t\t\t\t<\/div>\n\t\t\t\t<\/div>\n\t\t\t\t<section class=\"elementor-section elementor-top-section elementor-element elementor-element-4910c9de elementor-section-height-min-height elementor-section-boxed elementor-section-height-default elementor-section-items-middle\" data-id=\"4910c9de\" data-element_type=\"section\" data-e-type=\"section\" data-settings=\"{&quot;background_background&quot;:&quot;classic&quot;}\">\n\t\t\t\t\t\t<div class=\"elementor-container elementor-column-gap-no\">\n\t\t\t\t\t<div class=\"elementor-column elementor-col-100 elementor-top-column elementor-element elementor-element-9fd223c\" data-id=\"9fd223c\" data-element_type=\"column\" data-e-type=\"column\">\n\t\t\t<div class=\"elementor-widget-wrap elementor-element-populated\">\n\t\t\t\t\t\t<div class=\"elementor-element elementor-element-11833ed elementor-widget elementor-widget-elementskit-blog-posts\" data-id=\"11833ed\" data-element_type=\"widget\" data-e-type=\"widget\" data-widget_type=\"elementskit-blog-posts.default\">\n\t\t\t\t<div class=\"elementor-widget-container\">\n\t\t\t\t\t<div class=\"ekit-wid-con\" >\n        <div id=\"post-items--11833ed\" class=\"row post-items ekit-blog-posts-content wihout-masonry\" data-enable=\"no\">\n\n\t\t\t<!-- Blog Carousel markup render -->\n\t\t\t\n\n            <div class=\"col-lg-4 col-md-6\">\n\n                                    <div class=\"elementskit-post-image-card\">\n                        <div class=\"elementskit-entry-header\">\n                                                            <a href=\"https:\/\/goliaz.com\/fr\/what-are-macros-macronutrients\/\" class=\"elementskit-entry-thumb\">\n                                    <img decoding=\"async\" src=\"https:\/\/goliaz.com\/wp-content\/uploads\/2023\/04\/meat-fish-legumes-nuts-vegetables2-1024x768.jpg\" alt=\"What are macros: Macronutrients &#8211; The Basic Building Blocks Of Your Diet\">\n                                <\/a><!-- .elementskit-entry-thumb END -->\n                                                            \n                            \n                                                    <\/div><!-- .elementskit-entry-header END -->\n\n                        <div class=\"elementskit-post-body\">\n                            \n                                                                                                                                                        \n                                        \n                                                                                                <h2 class=\"entry-title\">\n                    <a href=\"https:\/\/goliaz.com\/fr\/what-are-macros-macronutrients\/\">\n                            Que sont les macros : macronutriments - Les \u00e9l\u00e9ments de base de ton alimentation                    <\/a>\n                <\/h2>\n                                                                                                                                                                                            <p>Comptabiliser les macros peut changer la donne pour la perte de poids et la sant\u00e9. Par chance, Goliaz dispose d'un calculateur de macros automatique ! Apprends-en plus sur les macronutriments et leurs avantages dans cet article, ainsi que sur la fa\u00e7on d'utiliser nos informations nutritionnelles.<\/p>\n                                                                                                                                                        <div class=\"btn-wraper\">\n                                    \n                                                                            <a href=\"https:\/\/goliaz.com\/fr\/what-are-macros-macronutrients\/\" class=\"elementskit-btn  whitespace--normal\" >\n                                                                                    Learn more                                         <\/a>\n                                                                    <\/div>\n                                                    <\/div><!-- .elementskit-post-body END -->\n                    <\/div>\n                \n            <\/div>\t\t\t\t\n\n            <div class=\"col-lg-4 col-md-6\">\n\n                                    <div class=\"elementskit-post-image-card\">\n                        <div class=\"elementskit-entry-header\">\n                                                            <a href=\"https:\/\/goliaz.com\/fr\/a-guide-to-proper-breathing-techniques-during-exercise\/\" class=\"elementskit-entry-thumb\">\n                                    <img decoding=\"async\" src=\"https:\/\/goliaz.com\/wp-content\/uploads\/2023\/02\/20230214-1-1024x768.jpg\" alt=\"Un guide pour les bonnes techniques de respiration pendant l&#039;exercice\">\n                                <\/a><!-- .elementskit-entry-thumb END -->\n                                                            \n                            \n                                                    <\/div><!-- .elementskit-entry-header END -->\n\n                        <div class=\"elementskit-post-body\">\n                            \n                                                                                                                                                        \n                                        \n                                                                                                <h2 class=\"entry-title\">\n                    <a href=\"https:\/\/goliaz.com\/fr\/a-guide-to-proper-breathing-techniques-during-exercise\/\">\n                            Un guide pour les bonnes techniques de respiration pendant l'exercice                    <\/a>\n                <\/h2>\n                                                                                                                                                                                            <p>D\u00e9bloque le plein potentiel de ton entra\u00eenement avec la bonne fa\u00e7on de respirer pendant l'exercice. Apprends, dans notre article, pourquoi il est important d'inspirer et d'expirer. <\/p>\n                                                                                                                                                        <div class=\"btn-wraper\">\n                                    \n                                                                            <a href=\"https:\/\/goliaz.com\/fr\/a-guide-to-proper-breathing-techniques-during-exercise\/\" class=\"elementskit-btn  whitespace--normal\" >\n                                                                                    Learn more                                         <\/a>\n                                                                    <\/div>\n                                                    <\/div><!-- .elementskit-post-body END -->\n                    <\/div>\n                \n            <\/div>\t\t\t\t\n\n            <div class=\"col-lg-4 col-md-6\">\n\n                                    <div class=\"elementskit-post-image-card\">\n                        <div class=\"elementskit-entry-header\">\n                                                            <a href=\"https:\/\/goliaz.com\/fr\/unleash-your-six-pack-the-ultimate-guide-to-a-strong-core\/\" class=\"elementskit-entry-thumb\">\n                                    <img decoding=\"async\" src=\"https:\/\/goliaz.com\/wp-content\/uploads\/2023\/01\/20230129-2-1024x683.jpg\" alt=\"R\u00e9v\u00e8le ton six-pack : le guide ultime pour le renforcement du tronc\">\n                                <\/a><!-- .elementskit-entry-thumb END -->\n                                                            \n                            \n                                                    <\/div><!-- .elementskit-entry-header END -->\n\n                        <div class=\"elementskit-post-body\">\n                            \n                                                                                                                                                        \n                                        \n                                                                                                <h2 class=\"entry-title\">\n                    <a href=\"https:\/\/goliaz.com\/fr\/unleash-your-six-pack-the-ultimate-guide-to-a-strong-core\/\">\n                            R\u00e9v\u00e8le ton six-pack : le guide ultime pour le renforcement du tronc                    <\/a>\n                <\/h2>\n                                                                                                                                                                                            <p>Es-tu pr\u00eat \u00e0 transformer tes abdos en tablettes de chocolat ? Cet article t'apportera les meilleurs exercices \u00e0 inclure dans tes entra\u00eenements \u00e0 domicile et t'aidera \u00e0 atteindre ton objectif.<\/p>\n                                                                                                                                                        <div class=\"btn-wraper\">\n                                    \n                                                                            <a href=\"https:\/\/goliaz.com\/fr\/unleash-your-six-pack-the-ultimate-guide-to-a-strong-core\/\" class=\"elementskit-btn  whitespace--normal\" >\n                                                                                    Learn more                                         <\/a>\n                                                                    <\/div>\n                                                    <\/div><!-- .elementskit-post-body END -->\n                    <\/div>\n                \n            <\/div>\t\t\t\t        <\/div>\n        \n        \n                    <div \n            data-ekit-blog-post-style=\"numbered\"\n            class=\"ekit-blog-post-pagination-container ekit-blog-post-pagination-style-numbered\" \n            id=\"post-nagivation--11833ed\">\n                <span aria-label=\"Page 1\" aria-current=\"page\" class=\"page-numbers current\" data-no-translation-aria-label=\"\">1<\/span>\n<a aria-label=\"Page 2\" class=\"page-numbers\" href=\"https:\/\/goliaz.com\/fr\/wp-json\/wp\/v2\/pages\/39168\/?ekit-blog-posts-paged=2\" data-no-translation-aria-label=\"\">2<\/a>\n<a aria-label=\"Page 3\" class=\"page-numbers\" href=\"https:\/\/goliaz.com\/fr\/wp-json\/wp\/v2\/pages\/39168\/?ekit-blog-posts-paged=3\" data-no-translation-aria-label=\"\">3<\/a>\n<span class=\"page-numbers dots\">\u2026<\/span>\n<a aria-label=\"Page 5\" class=\"page-numbers\" href=\"https:\/\/goliaz.com\/fr\/wp-json\/wp\/v2\/pages\/39168\/?ekit-blog-posts-paged=5\" data-no-translation-aria-label=\"\">5<\/a>\n<a class=\"next page-numbers\" href=\"https:\/\/goliaz.com\/fr\/wp-json\/wp\/v2\/pages\/39168\/?ekit-blog-posts-paged=2\">Next<\/a>\n            <\/div>\n\n            <\/div>\t\t\t\t<\/div>\n\t\t\t\t<\/div>\n\t\t\t\t\t<\/div>\n\t\t<\/div>\n\t\t\t\t\t<\/div>\n\t\t<\/section>\n\t\t\t\t<\/div>","protected":false},"excerpt":{"rendered":"<p>Neuigkeiten und Wissensh\u00e4ppchen BLOG What are macros: Macronutrients &#8211; The Basic Building Blocks Of Your Diet Counting macros can be a game-changer for weight loss and health. Good that Goliaz has an automatic macro calculator! Learn more about macronutrients and their benefits in this article, as well as how to use our nutrition info. Learn [&hellip;] <\/p>\n","protected":false},"author":1,"featured_media":0,"parent":0,"menu_order":0,"comment_status":"closed","ping_status":"closed","template":"elementor_header_footer","meta":{"site-sidebar-layout":"no-sidebar","site-content-layout":"page-builder","ast-site-content-layout":"full-width-container","site-content-style":"default","site-sidebar-style":"default","ast-global-header-display":"","ast-banner-title-visibility":"","ast-main-header-display":"","ast-hfb-above-header-display":"","ast-hfb-below-header-display":"","ast-hfb-mobile-header-display":"","site-post-title":"disabled","ast-breadcrumbs-content":"","ast-featured-img":"disabled","footer-sml-layout":"","theme-transparent-header-meta":"","adv-header-id-meta":"","stick-header-meta":"","header-above-stick-meta":"","header-main-stick-meta":"","header-below-stick-meta":"","astra-migrate-meta-layouts":"set","ast-page-background-enabled":"default","ast-page-background-meta":{"desktop":{"background-color":"var(--ast-global-color-4)","background-image":"","background-repeat":"repeat","background-position":"center center","background-size":"auto","background-attachment":"scroll","background-type":"","background-media":"","overlay-type":"","overlay-color":"","overlay-opacity":"","overlay-gradient":""},"tablet":{"background-color":"","background-image":"","background-repeat":"repeat","background-position":"center center","background-size":"auto","background-attachment":"scroll","background-type":"","background-media":"","overlay-type":"","overlay-color":"","overlay-opacity":"","overlay-gradient":""},"mobile":{"background-color":"","background-image":"","background-repeat":"repeat","background-position":"center center","background-size":"auto","background-attachment":"scroll","background-type":"","background-media":"","overlay-type":"","overlay-color":"","overlay-opacity":"","overlay-gradient":""}},"ast-content-background-meta":{"desktop":{"background-color":"var(--ast-global-color-5)","background-image":"","background-repeat":"repeat","background-position":"center center","background-size":"auto","background-attachment":"scroll","background-type":"","background-media":"","overlay-type":"","overlay-color":"","overlay-opacity":"","overlay-gradient":""},"tablet":{"background-color":"var(--ast-global-color-5)","background-image":"","background-repeat":"repeat","background-position":"center center","background-size":"auto","background-attachment":"scroll","background-type":"","background-media":"","overlay-type":"","overlay-color":"","overlay-opacity":"","overlay-gradient":""},"mobile":{"background-color":"var(--ast-global-color-5)","background-image":"","background-repeat":"repeat","background-position":"center center","background-size":"auto","background-attachment":"scroll","background-type":"","background-media":"","overlay-type":"","overlay-color":"","overlay-opacity":"","overlay-gradient":""}},"footnotes":""},"class_list":["post-39168","page","type-page","status-publish","hentry"],"aioseo_notices":[],"_links":{"self":[{"href":"https:\/\/goliaz.com\/fr\/wp-json\/wp\/v2\/pages\/39168"}],"collection":[{"href":"https:\/\/goliaz.com\/fr\/wp-json\/wp\/v2\/pages"}],"about":[{"href":"https:\/\/goliaz.com\/fr\/wp-json\/wp\/v2\/types\/page"}],"author":[{"embeddable":true,"href":"https:\/\/goliaz.com\/fr\/wp-json\/wp\/v2\/users\/1"}],"replies":[{"embeddable":true,"href":"https:\/\/goliaz.com\/fr\/wp-json\/wp\/v2\/comments?post=39168"}],"version-history":[{"count":4,"href":"https:\/\/goliaz.com\/fr\/wp-json\/wp\/v2\/pages\/39168\/revisions"}],"predecessor-version":[{"id":39172,"href":"https:\/\/goliaz.com\/fr\/wp-json\/wp\/v2\/pages\/39168\/revisions\/39172"}],"wp:attachment":[{"href":"https:\/\/goliaz.com\/fr\/wp-json\/wp\/v2\/media?parent=39168"}],"curies":[{"name":"wp","href":"https:\/\/api.w.org\/{rel}","templated":true}]}}