{"id":19953,"date":"2020-12-01T10:46:47","date_gmt":"2020-12-01T10:46:47","guid":{"rendered":"http:\/\/goliaz.com\/?post_type=product&#038;p=19953"},"modified":"2023-11-24T15:12:08","modified_gmt":"2023-11-24T15:12:08","slug":"wmns-long-sleeve-compression-shirt","status":"publish","type":"product","link":"https:\/\/goliaz.com\/fr\/produit\/wmns-long-sleeve-compression-shirt\/","title":{"rendered":"T-SHIRT DE COMPRESSION MANCHES LONGUES FEMME"},"content":{"rendered":"<h3 class=\"woocommerce_description\">DESCRIPTION<\/h3>\n<p><img decoding=\"async\" class=\"alignnone wp-image-31565 size-medium\" src=\"https:\/\/goliaz.com\/wp-content\/uploads\/2020\/12\/RSO5-002-EUW-300x120.jpeg\" alt=\"\" width=\"600\" srcset=\"https:\/\/goliaz.com\/wp-content\/uploads\/2020\/12\/RSO5-002-EUW-300x120.jpeg 300w, https:\/\/goliaz.com\/wp-content\/uploads\/2020\/12\/RSO5-002-EUW-1024x410.jpeg 1024w, https:\/\/goliaz.com\/wp-content\/uploads\/2020\/12\/RSO5-002-EUW-768x307.jpeg 768w, https:\/\/goliaz.com\/wp-content\/uploads\/2020\/12\/RSO5-002-EUW-1536x614.jpeg 1536w, https:\/\/goliaz.com\/wp-content\/uploads\/2020\/12\/RSO5-002-EUW-2048x819.jpeg 2048w, https:\/\/goliaz.com\/wp-content\/uploads\/2020\/12\/RSO5-002-EUW-16x6.jpeg 16w, https:\/\/goliaz.com\/wp-content\/uploads\/2020\/12\/RSO5-002-EUW-600x240.jpeg 600w\" sizes=\"(max-width: 300px) 100vw, 300px\" \/><\/p>\n<p><strong>Mati\u00e8re :<\/strong><\/p>\n<ul>\n<li>Le tissu absorbant THERMOPERFORMANCE t'aide \u00e0 rester au sec et \u00e0 l'aise.<\/li>\n<li>La mati\u00e8re l\u00e9g\u00e8re et respirante garantit un s\u00e9chage rapide, m\u00eame apr\u00e8s avoir plong\u00e9 dans un obstacle d'eau.<\/li>\n<li>Le tissu contient des fibres SILVER ION aux propri\u00e9t\u00e9s bact\u00e9riostatiques, supprimant efficacement les odeurs.<\/li>\n<\/ul>\n<p><strong>Caract\u00e9ristiques techniques :<\/strong><\/p>\n<ul>\n<li>Coupe ajust\u00e9e et confortable.<\/li>\n<li>La technologie SECOND SKIN utilise une coupe sp\u00e9ciale bas\u00e9e sur l'anatomie ainsi qu'une structure sp\u00e9ciale et un ajustement parfait qui garantissent une libert\u00e9 de mouvement illimit\u00e9e, une r\u00e9sistance accrue \u00e0 la d\u00e9chirure et \u00e0 la d\u00e9formation.<\/li>\n<li>Les zones d'a\u00e9rations AIRPANEL te gardent au frais pendant les s\u00e9ances d'entra\u00eenement intenses.<\/li>\n<\/ul>\n<p><strong>Tissu :<\/strong><\/p>\n<p>82% Polyester, 18% Elasthanne<\/p>\n<p>&nbsp;<\/p>","protected":false},"excerpt":{"rendered":"<p><span data-sheets-value=\"{&quot;1&quot;:2,&quot;2&quot;:&quot;The long-sleeved shirt is perfect for colder weather and for keeping your arms protected during an OCR.&quot;}\" data-sheets-userformat=\"{&quot;2&quot;:771,&quot;3&quot;:{&quot;1&quot;:0},&quot;4&quot;:[null,2,14281427],&quot;11&quot;:4,&quot;12&quot;:0}\">The long-sleeved shirt for women is perfect for colder weather and for keeping your arms protected during an OCR.<\/span><\/p>\n","protected":false},"featured_media":20228,"template":"","meta":{"site-sidebar-layout":"default","site-content-layout":"default","ast-site-content-layout":"","site-content-style":"default","site-sidebar-style":"default","ast-global-header-display":"","ast-banner-title-visibility":"","ast-main-header-display":"","ast-hfb-above-header-display":"","ast-hfb-below-header-display":"","ast-hfb-mobile-header-display":"","site-post-title":"","ast-breadcrumbs-content":"","ast-featured-img":"","footer-sml-layout":"","theme-transparent-header-meta":"default","adv-header-id-meta":"","stick-header-meta":"","header-above-stick-meta":"","header-main-stick-meta":"","header-below-stick-meta":"","astra-migrate-meta-layouts":"default","ast-page-background-enabled":"default","ast-page-background-meta":{"desktop":{"background-color":"var(--ast-global-color-4)","background-image":"","background-repeat":"repeat","background-position":"center center","background-size":"auto","background-attachment":"scroll","background-type":"","background-media":"","overlay-type":"","overlay-color":"","overlay-opacity":"","overlay-gradient":""},"tablet":{"background-color":"","background-image":"","background-repeat":"repeat","background-position":"center center","background-size":"auto","background-attachment":"scroll","background-type":"","background-media":"","overlay-type":"","overlay-color":"","overlay-opacity":"","overlay-gradient":""},"mobile":{"background-color":"","background-image":"","background-repeat":"repeat","background-position":"center center","background-size":"auto","background-attachment":"scroll","background-type":"","background-media":"","overlay-type":"","overlay-color":"","overlay-opacity":"","overlay-gradient":""}},"ast-content-background-meta":{"desktop":{"background-color":"var(--ast-global-color-5)","background-image":"","background-repeat":"repeat","background-position":"center center","background-size":"auto","background-attachment":"scroll","background-type":"","background-media":"","overlay-type":"","overlay-color":"","overlay-opacity":"","overlay-gradient":""},"tablet":{"background-color":"var(--ast-global-color-5)","background-image":"","background-repeat":"repeat","background-position":"center center","background-size":"auto","background-attachment":"scroll","background-type":"","background-media":"","overlay-type":"","overlay-color":"","overlay-opacity":"","overlay-gradient":""},"mobile":{"background-color":"var(--ast-global-color-5)","background-image":"","background-repeat":"repeat","background-position":"center center","background-size":"auto","background-attachment":"scroll","background-type":"","background-media":"","overlay-type":"","overlay-color":"","overlay-opacity":"","overlay-gradient":""}}},"product_brand":[],"product_cat":[258,252],"product_tag":[248],"class_list":{"0":"post-19953","1":"product","2":"type-product","3":"status-publish","4":"has-post-thumbnail","6":"product_cat-all-products","7":"product_cat-shirts","8":"product_tag-shirt","10":"first","11":"instock","12":"taxable","13":"shipping-taxable","14":"purchasable","15":"product-type-variable"},"aioseo_notices":[],"_links":{"self":[{"href":"https:\/\/goliaz.com\/fr\/wp-json\/wp\/v2\/product\/19953"}],"collection":[{"href":"https:\/\/goliaz.com\/fr\/wp-json\/wp\/v2\/product"}],"about":[{"href":"https:\/\/goliaz.com\/fr\/wp-json\/wp\/v2\/types\/product"}],"wp:featuredmedia":[{"embeddable":true,"href":"https:\/\/goliaz.com\/fr\/wp-json\/wp\/v2\/media\/20228"}],"wp:attachment":[{"href":"https:\/\/goliaz.com\/fr\/wp-json\/wp\/v2\/media?parent=19953"}],"wp:term":[{"taxonomy":"product_brand","embeddable":true,"href":"https:\/\/goliaz.com\/fr\/wp-json\/wp\/v2\/product_brand?post=19953"},{"taxonomy":"product_cat","embeddable":true,"href":"https:\/\/goliaz.com\/fr\/wp-json\/wp\/v2\/product_cat?post=19953"},{"taxonomy":"product_tag","embeddable":true,"href":"https:\/\/goliaz.com\/fr\/wp-json\/wp\/v2\/product_tag?post=19953"}],"curies":[{"name":"wp","href":"https:\/\/api.w.org\/{rel}","templated":true}]}}