{"id":20063,"date":"2020-12-05T21:10:25","date_gmt":"2020-12-05T21:10:25","guid":{"rendered":"http:\/\/goliaz.com\/?post_type=product&#038;p=20063"},"modified":"2023-01-06T15:53:57","modified_gmt":"2023-01-06T15:53:57","slug":"mens-ocr-long-compression-leggings","status":"publish","type":"product","link":"https:\/\/goliaz.com\/fr\/produit\/mens-ocr-long-compression-leggings\/","title":{"rendered":"LEGGING OCR DE COMPRESSION LONG HOMME"},"content":{"rendered":"<h3 class=\"woocommerce_description\">DESCRIPTION<\/h3>\n<p><img decoding=\"async\" class=\"alignnone wp-image-31560 size-medium\" src=\"https:\/\/goliaz.com\/wp-content\/uploads\/2020\/12\/LOCR1-002-EUA-300x120.jpeg\" alt=\"\" width=\"600\" srcset=\"https:\/\/goliaz.com\/wp-content\/uploads\/2020\/12\/LOCR1-002-EUA-300x120.jpeg 300w, https:\/\/goliaz.com\/wp-content\/uploads\/2020\/12\/LOCR1-002-EUA-1024x410.jpeg 1024w, https:\/\/goliaz.com\/wp-content\/uploads\/2020\/12\/LOCR1-002-EUA-768x307.jpeg 768w, https:\/\/goliaz.com\/wp-content\/uploads\/2020\/12\/LOCR1-002-EUA-1536x614.jpeg 1536w, https:\/\/goliaz.com\/wp-content\/uploads\/2020\/12\/LOCR1-002-EUA-2048x819.jpeg 2048w, https:\/\/goliaz.com\/wp-content\/uploads\/2020\/12\/LOCR1-002-EUA-16x6.jpeg 16w, https:\/\/goliaz.com\/wp-content\/uploads\/2020\/12\/LOCR1-002-EUA-600x240.jpeg 600w\" sizes=\"(max-width: 300px) 100vw, 300px\" \/><\/p>\n<p><strong>Mati\u00e8re :<\/strong><\/p>\n<ul>\n<li>Le tissu absorbant THERMOPERFORMANCE t'aide \u00e0 rester au sec et \u00e0 l'aise.<\/li>\n<li>La compresi\u00f3n aumenta el aporte de sangre a los m\u00fasculos y la oxigenaci\u00f3n durante el ejercicio, protegiendo las fibras musculares de micro-roturas.<\/li>\n<li>La mati\u00e8re l\u00e9g\u00e8re et respirante garantit un s\u00e9chage rapide, m\u00eame apr\u00e8s avoir plong\u00e9 dans un obstacle d'eau.<\/li>\n<li>La mati\u00e8re THERMOSPEED a des fibres sp\u00e9cialement impr\u00e9gn\u00e9es qui absorbent uniform\u00e9ment la transpiration et \u00e9vaporent rapidement l'humidit\u00e9, m\u00eame pendant un entra\u00eenement intense.<\/li>\n<li>Le tissu contient des fibres SILVER ION aux propri\u00e9t\u00e9s bact\u00e9riostatiques, supprimant efficacement les odeurs.<\/li>\n<\/ul>\n<p><strong>Caract\u00e9ristiques techniques :<\/strong><\/p>\n<ul>\n<li>Coupe ajust\u00e9e et confortable.<\/li>\n<li>Une poche sp\u00e9ciale \u00e0 languette, \u00e0 l'arri\u00e8re, permet de ranger gel, gants, carte de cr\u00e9dit, cl\u00e9s par exemple.<\/li>\n<li>Les bandes de silicone \u00e0 l'int\u00e9rieur des jambes emp\u00eachent la mati\u00e8re de bouger et de tourner pendant toute activit\u00e9.<\/li>\n<li>La technologie SECOND SKIN utilise une coupe sp\u00e9ciale bas\u00e9e sur l'anatomie ainsi qu'une structure sp\u00e9ciale et un ajustement parfait qui garantissent une libert\u00e9 de mouvement illimit\u00e9e, une r\u00e9sistance accrue \u00e0 la d\u00e9chirure et \u00e0 la d\u00e9formation.<\/li>\n<li>La double mati\u00e8re au niveau des genoux emp\u00eache les frottements en rampant.<\/li>\n<li>Gu\u00eatre \u00e9tanche int\u00e9gr\u00e9e en double tissu renforc\u00e9e et flexible, emp\u00eache le sable et la boue de p\u00e9n\u00e9trer dans les chaussures.<\/li>\n<li>La fermeture \u00e9lastique apr\u00e8s mise en place de la gu\u00eatre permet d'ajuster le bas de jambe.<\/li>\n<li>Des bandes non abrasives gliss\u00e9es sous les semelles des chaussures maintiennent la gu\u00eatre en place.<\/li>\n<\/ul>\n<p><strong>Tissu :<\/strong><\/p>\n<p>82% Polyester, 18% Elasthanne<\/p>","protected":false},"excerpt":{"rendered":"<p><span data-sheets-value=\"{&quot;1&quot;:2,&quot;2&quot;:&quot;This compression Leggings was specifically designed for OCRs. With its special features it is your perfect companion when it gets dirty!&quot;}\" data-sheets-userformat=\"{&quot;2&quot;:771,&quot;3&quot;:{&quot;1&quot;:0},&quot;4&quot;:[null,2,14281427],&quot;11&quot;:4,&quot;12&quot;:0}\">These compression Leggings were specifically designed for OCRs. With its special features it is your perfect companion when it gets dirty!<\/span><\/p>\n","protected":false},"featured_media":20253,"template":"","meta":{"site-sidebar-layout":"default","site-content-layout":"","ast-site-content-layout":"","site-content-style":"default","site-sidebar-style":"default","ast-global-header-display":"","ast-banner-title-visibility":"","ast-main-header-display":"","ast-hfb-above-header-display":"","ast-hfb-below-header-display":"","ast-hfb-mobile-header-display":"","site-post-title":"","ast-breadcrumbs-content":"","ast-featured-img":"","footer-sml-layout":"","theme-transparent-header-meta":"","adv-header-id-meta":"","stick-header-meta":"","header-above-stick-meta":"","header-main-stick-meta":"","header-below-stick-meta":"","astra-migrate-meta-layouts":"default","ast-page-background-enabled":"default","ast-page-background-meta":{"desktop":{"background-color":"var(--ast-global-color-4)","background-image":"","background-repeat":"repeat","background-position":"center center","background-size":"auto","background-attachment":"scroll","background-type":"","background-media":"","overlay-type":"","overlay-color":"","overlay-opacity":"","overlay-gradient":""},"tablet":{"background-color":"","background-image":"","background-repeat":"repeat","background-position":"center center","background-size":"auto","background-attachment":"scroll","background-type":"","background-media":"","overlay-type":"","overlay-color":"","overlay-opacity":"","overlay-gradient":""},"mobile":{"background-color":"","background-image":"","background-repeat":"repeat","background-position":"center center","background-size":"auto","background-attachment":"scroll","background-type":"","background-media":"","overlay-type":"","overlay-color":"","overlay-opacity":"","overlay-gradient":""}},"ast-content-background-meta":{"desktop":{"background-color":"var(--ast-global-color-5)","background-image":"","background-repeat":"repeat","background-position":"center center","background-size":"auto","background-attachment":"scroll","background-type":"","background-media":"","overlay-type":"","overlay-color":"","overlay-opacity":"","overlay-gradient":""},"tablet":{"background-color":"var(--ast-global-color-5)","background-image":"","background-repeat":"repeat","background-position":"center center","background-size":"auto","background-attachment":"scroll","background-type":"","background-media":"","overlay-type":"","overlay-color":"","overlay-opacity":"","overlay-gradient":""},"mobile":{"background-color":"var(--ast-global-color-5)","background-image":"","background-repeat":"repeat","background-position":"center center","background-size":"auto","background-attachment":"scroll","background-type":"","background-media":"","overlay-type":"","overlay-color":"","overlay-opacity":"","overlay-gradient":""}}},"product_brand":[],"product_cat":[258,257],"product_tag":[218],"class_list":{"0":"post-20063","1":"product","2":"type-product","3":"status-publish","4":"has-post-thumbnail","6":"product_cat-all-products","7":"product_cat-pants","8":"product_tag-pants","10":"first","11":"instock","12":"taxable","13":"shipping-taxable","14":"purchasable","15":"product-type-variable"},"aioseo_notices":[],"_links":{"self":[{"href":"https:\/\/goliaz.com\/fr\/wp-json\/wp\/v2\/product\/20063"}],"collection":[{"href":"https:\/\/goliaz.com\/fr\/wp-json\/wp\/v2\/product"}],"about":[{"href":"https:\/\/goliaz.com\/fr\/wp-json\/wp\/v2\/types\/product"}],"wp:featuredmedia":[{"embeddable":true,"href":"https:\/\/goliaz.com\/fr\/wp-json\/wp\/v2\/media\/20253"}],"wp:attachment":[{"href":"https:\/\/goliaz.com\/fr\/wp-json\/wp\/v2\/media?parent=20063"}],"wp:term":[{"taxonomy":"product_brand","embeddable":true,"href":"https:\/\/goliaz.com\/fr\/wp-json\/wp\/v2\/product_brand?post=20063"},{"taxonomy":"product_cat","embeddable":true,"href":"https:\/\/goliaz.com\/fr\/wp-json\/wp\/v2\/product_cat?post=20063"},{"taxonomy":"product_tag","embeddable":true,"href":"https:\/\/goliaz.com\/fr\/wp-json\/wp\/v2\/product_tag?post=20063"}],"curies":[{"name":"wp","href":"https:\/\/api.w.org\/{rel}","templated":true}]}}