{"id":20435,"date":"2020-12-07T21:43:54","date_gmt":"2020-12-07T21:43:54","guid":{"rendered":"http:\/\/goliaz.com\/?post_type=product&#038;p=20435"},"modified":"2022-07-06T13:03:28","modified_gmt":"2022-07-06T13:03:28","slug":"short-cycling-combo","status":"publish","type":"product","link":"https:\/\/goliaz.com\/fr\/produit\/short-cycling-combo\/","title":{"rendered":"COMBISHORT CYCLISTE UNISEX"},"content":{"rendered":"<h3 class=\"woocommerce_description\">DESCRIPTION<\/h3>\n<p><strong>Mati\u00e8re :<\/strong><\/p>\n<ul>\n<li>La mati\u00e8re l\u00e9g\u00e8re et respirante garantit un s\u00e9chage rapide.<\/li>\n<\/ul>\n<p><strong>Caract\u00e9ristiques techniques :<\/strong><\/p>\n<ul>\n<li>Coupe ajust\u00e9e et confortable.<\/li>\n<\/ul>","protected":false},"excerpt":{"rendered":"<p><span data-sheets-value=\"{&quot;1&quot;:2,&quot;2&quot;:&quot;This cycling short combo consists of:\\nA short-sleeved jersey for demanding cyclists looking for a high performance jersey while maintaining maximum freedom of movement and comfort.\\n\\nCycling shorts that are very comfortable thanks to their flat seams, which prevent rubbing. The foam pad absorbs vibrations and the straps provide good hold.&quot;}\" data-sheets-userformat=\"{&quot;2&quot;:771,&quot;3&quot;:{&quot;1&quot;:0},&quot;4&quot;:[null,2,14281427],&quot;11&quot;:4,&quot;12&quot;:0}\" data-sheets-textstyleruns=\"{&quot;1&quot;:0,&quot;2&quot;:{&quot;2&quot;:{&quot;1&quot;:2,&quot;2&quot;:16711680}}}\uee10{&quot;1&quot;:38}\">This cycling short combo consists of:<br \/>\nA short-sleeved jersey for demanding cyclists looking for a high-performance jersey while maintaining maximum freedom of movement and comfort.<\/span><\/p>\n<p>Cycling shorts that are very comfortable thanks to their flat seams, which prevent rubbing. The foam pad absorbs vibrations and the straps provide good hold.<\/p>\n","protected":false},"featured_media":20266,"template":"","meta":{"site-sidebar-layout":"default","site-content-layout":"","ast-site-content-layout":"","site-content-style":"default","site-sidebar-style":"default","ast-global-header-display":"","ast-banner-title-visibility":"","ast-main-header-display":"","ast-hfb-above-header-display":"","ast-hfb-below-header-display":"","ast-hfb-mobile-header-display":"","site-post-title":"","ast-breadcrumbs-content":"","ast-featured-img":"","footer-sml-layout":"","theme-transparent-header-meta":"","adv-header-id-meta":"","stick-header-meta":"","header-above-stick-meta":"","header-main-stick-meta":"","header-below-stick-meta":"","astra-migrate-meta-layouts":"default","ast-page-background-enabled":"default","ast-page-background-meta":{"desktop":{"background-color":"var(--ast-global-color-4)","background-image":"","background-repeat":"repeat","background-position":"center center","background-size":"auto","background-attachment":"scroll","background-type":"","background-media":"","overlay-type":"","overlay-color":"","overlay-opacity":"","overlay-gradient":""},"tablet":{"background-color":"","background-image":"","background-repeat":"repeat","background-position":"center center","background-size":"auto","background-attachment":"scroll","background-type":"","background-media":"","overlay-type":"","overlay-color":"","overlay-opacity":"","overlay-gradient":""},"mobile":{"background-color":"","background-image":"","background-repeat":"repeat","background-position":"center center","background-size":"auto","background-attachment":"scroll","background-type":"","background-media":"","overlay-type":"","overlay-color":"","overlay-opacity":"","overlay-gradient":""}},"ast-content-background-meta":{"desktop":{"background-color":"var(--ast-global-color-5)","background-image":"","background-repeat":"repeat","background-position":"center center","background-size":"auto","background-attachment":"scroll","background-type":"","background-media":"","overlay-type":"","overlay-color":"","overlay-opacity":"","overlay-gradient":""},"tablet":{"background-color":"var(--ast-global-color-5)","background-image":"","background-repeat":"repeat","background-position":"center center","background-size":"auto","background-attachment":"scroll","background-type":"","background-media":"","overlay-type":"","overlay-color":"","overlay-opacity":"","overlay-gradient":""},"mobile":{"background-color":"var(--ast-global-color-5)","background-image":"","background-repeat":"repeat","background-position":"center center","background-size":"auto","background-attachment":"scroll","background-type":"","background-media":"","overlay-type":"","overlay-color":"","overlay-opacity":"","overlay-gradient":""}}},"product_brand":[],"product_cat":[258,255],"product_tag":[249],"class_list":{"0":"post-20435","1":"product","2":"type-product","3":"status-publish","4":"has-post-thumbnail","6":"product_cat-all-products","7":"product_cat-cycling","8":"product_tag-cycling","10":"first","11":"instock","12":"taxable","13":"shipping-taxable","14":"purchasable","15":"product-type-variable"},"aioseo_notices":[],"_links":{"self":[{"href":"https:\/\/goliaz.com\/fr\/wp-json\/wp\/v2\/product\/20435"}],"collection":[{"href":"https:\/\/goliaz.com\/fr\/wp-json\/wp\/v2\/product"}],"about":[{"href":"https:\/\/goliaz.com\/fr\/wp-json\/wp\/v2\/types\/product"}],"wp:featuredmedia":[{"embeddable":true,"href":"https:\/\/goliaz.com\/fr\/wp-json\/wp\/v2\/media\/20266"}],"wp:attachment":[{"href":"https:\/\/goliaz.com\/fr\/wp-json\/wp\/v2\/media?parent=20435"}],"wp:term":[{"taxonomy":"product_brand","embeddable":true,"href":"https:\/\/goliaz.com\/fr\/wp-json\/wp\/v2\/product_brand?post=20435"},{"taxonomy":"product_cat","embeddable":true,"href":"https:\/\/goliaz.com\/fr\/wp-json\/wp\/v2\/product_cat?post=20435"},{"taxonomy":"product_tag","embeddable":true,"href":"https:\/\/goliaz.com\/fr\/wp-json\/wp\/v2\/product_tag?post=20435"}],"curies":[{"name":"wp","href":"https:\/\/api.w.org\/{rel}","templated":true}]}}