{"id":39102,"date":"2024-11-20T19:25:32","date_gmt":"2024-11-20T19:25:32","guid":{"rendered":"https:\/\/goliaz.com\/?page_id=39102"},"modified":"2024-11-20T19:34:49","modified_gmt":"2024-11-20T19:34:49","slug":"eliminar-conta","status":"publish","type":"page","link":"https:\/\/goliaz.com\/it\/eliminar-conta\/","title":{"rendered":"Eliminar Conta"},"content":{"rendered":"\t\t<div data-elementor-type=\"wp-page\" data-elementor-id=\"39102\" class=\"elementor elementor-39102\">\n\t\t\t\t<div class=\"elementor-element elementor-element-6f289b5 e-flex e-con-boxed e-con e-parent\" data-id=\"6f289b5\" data-element_type=\"container\" data-e-type=\"container\" data-settings=\"{&quot;background_background&quot;:&quot;classic&quot;}\">\n\t\t\t\t\t<div class=\"e-con-inner\">\n\t\t\t\t<div class=\"elementor-element elementor-element-b2fc462 elementor-widget elementor-widget-heading\" data-id=\"b2fc462\" data-element_type=\"widget\" data-e-type=\"widget\" data-widget_type=\"heading.default\">\n\t\t\t\t<div class=\"elementor-widget-container\">\n\t\t\t\t\t<h1 class=\"elementor-heading-title elementor-size-default\">Eliminar Conta<\/h1>\t\t\t\t<\/div>\n\t\t\t\t<\/div>\n\t\t\t\t<div class=\"elementor-element elementor-element-467b3f3 elementor-widget elementor-widget-text-editor\" data-id=\"467b3f3\" data-element_type=\"widget\" data-e-type=\"widget\" data-widget_type=\"text-editor.default\">\n\t\t\t\t<div class=\"elementor-widget-container\">\n\t\t\t\t\t\t\t\t\t<p>Por favor, preenche os dados da conta que queres que eliminemos. Vamos enviar um email para o endere\u00e7o de email para confirmar que \u00e9s mesmo tu. S\u00f3 depois \u00e9 que eliminaremos a tua conta.<\/p><p><strong>Eliminar a tua conta e os teus dados significa que todo o teu progresso na aplica\u00e7\u00e3o ser\u00e1 perdido para sempre.<\/strong><\/p><ul><li>N\u00e3o poder\u00e1s mais iniciar sess\u00f5es, e todos os teus dados, incluindo os teus treinos, pontos, certificados, coment\u00e1rios, ser\u00e3o apagados;<br \/><br \/><\/li><li>Qualquer assinatura existente permanecer\u00e1 ativa at\u00e9 a sua data de expira\u00e7\u00e3o;<br \/><br \/><\/li><li>Se te inscreveste no nosso website, ter\u00e1s de cancelar a tua assinatura l\u00e1.<br \/>Defini\u00e7\u00f5es iOS &gt; ID da Apple &gt; Assinaturas;<br \/><br \/><\/li><li><span data-sheets-value=\"{&quot;1&quot;:2,&quot;2&quot;:&quot;If you subscribed through the Google Play Store, you will need to cancel your subscription in the Google Play Store app. Open the Google Play Store, tap on the menu icon (usually three horizontal lines), select 'Subscriptions,' and then choose the subscription you want to cancel.&quot;}\" data-sheets-userformat=\"{&quot;2&quot;:4995,&quot;3&quot;:{&quot;1&quot;:0},&quot;4&quot;:{&quot;1&quot;:2,&quot;2&quot;:14281427},&quot;10&quot;:0,&quot;11&quot;:4,&quot;12&quot;:0,&quot;15&quot;:&quot;Arial&quot;}\">Se subscreveste atrav\u00e9s da Google Play Store, precisar\u00e1s de cancelar a tua subscri\u00e7\u00e3o na aplica\u00e7\u00e3o Google Play Store. Abre a Google Play Store, toca no \u00edcone de menu (geralmente tr\u00eas linhas horizontais), seleciona &#8216;Assinaturas&#8217; e escolhe a assinatura que queres cancelar.<br \/><br \/><\/span><\/li><li>Se te inscreveste no nosso website, ter\u00e1s de cancelar a tua assinatura l\u00e1.<\/li><\/ul>\t\t\t\t\t\t\t\t<\/div>\n\t\t\t\t<\/div>\n\t\t<div class=\"elementor-element elementor-element-732d1b6 e-flex e-con-boxed e-con e-child\" data-id=\"732d1b6\" data-element_type=\"container\" data-e-type=\"container\" data-settings=\"{&quot;background_background&quot;:&quot;classic&quot;}\">\n\t\t\t\t\t<div class=\"e-con-inner\">\n\t\t\t\t<div class=\"elementor-element elementor-element-f85390b elementor-widget elementor-widget-shortcode\" data-id=\"f85390b\" data-element_type=\"widget\" data-e-type=\"widget\" data-widget_type=\"shortcode.default\">\n\t\t\t\t<div class=\"elementor-widget-container\">\n\t\t\t\t\t\t\t<div class=\"elementor-shortcode\"><div class=\"wpforms-container wpforms-container-full\" id=\"wpforms-39105\"><form id=\"wpforms-form-39105\" class=\"wpforms-validate wpforms-form wpforms-ajax-form\" data-formid=\"39105\" method=\"post\" enctype=\"multipart\/form-data\" action=\"\/it\/wp-json\/wp\/v2\/pages\/39102\" data-token=\"9730d1b40b06fb069ea142e9cde667d0\" data-token-time=\"1777576310\"><noscript class=\"wpforms-error-noscript\">Abilita JavaScript nel browser per completare questo modulo.<\/noscript><div class=\"wpforms-field-container\"><div id=\"wpforms-39105-field_0-container\" class=\"wpforms-field wpforms-field-name\" data-field-id=\"0\"><label class=\"wpforms-field-label\" for=\"wpforms-39105-field_0\">Nome <span class=\"wpforms-required-label\">*<\/span><\/label><input type=\"text\" id=\"wpforms-39105-field_0\" class=\"wpforms-field-medium wpforms-field-required\" name=\"wpforms[fields][0]\" required><\/div><div id=\"wpforms-39105-field_1-container\" class=\"wpforms-field wpforms-field-email\" data-field-id=\"1\"><label class=\"wpforms-field-label\" for=\"wpforms-39105-field_1\">Email <span class=\"wpforms-required-label\">*<\/span><\/label><input type=\"email\" id=\"wpforms-39105-field_1\" class=\"wpforms-field-medium wpforms-field-required\" name=\"wpforms[fields][1]\" spellcheck=\"false\" required><\/div><div id=\"wpforms-39105-field_2-container\" class=\"wpforms-field wpforms-field-textarea\" data-field-id=\"2\"><label class=\"wpforms-field-label\" for=\"wpforms-39105-field_2\">Lamentamos que estejas a sair. Importas-te de partilhar por que decidiste apagar a tua conta? A tua opini\u00e3o \u00e9 valiosa para n\u00f3s.<\/label><textarea id=\"wpforms-39105-field_2\" class=\"wpforms-field-medium\" name=\"wpforms[fields][2]\" ><\/textarea><\/div><\/div><!-- .wpforms-field-container --><div class=\"wpforms-submit-container\" ><input type=\"hidden\" name=\"wpforms[id]\" value=\"39105\"><input type=\"hidden\" name=\"page_title\" value=\"\"><input type=\"hidden\" name=\"page_url\" value=\"https:\/\/goliaz.com\/it\/wp-json\/wp\/v2\/pages\/39102\"><input type=\"hidden\" name=\"url_referer\" value=\"\"><button type=\"submit\" name=\"wpforms[submit]\" id=\"wpforms-submit-39105\" class=\"wpforms-submit\" data-alt-text=\"A enviar...\" data-submit-text=\"Enviar\" aria-live=\"assertive\" value=\"wpforms-submit\">Enviar<\/button><img decoding=\"async\" src=\"https:\/\/goliaz.com\/wp-content\/plugins\/wpforms-lite\/assets\/images\/submit-spin.svg\" class=\"wpforms-submit-spinner\" style=\"display: none;\" width=\"26\" height=\"26\" alt=\"Caricamento\"><\/div><\/form><\/div>  <!-- .wpforms-container --><\/div>\n\t\t\t\t\t\t<\/div>\n\t\t\t\t<\/div>\n\t\t\t\t\t<\/div>\n\t\t\t\t<\/div>\n\t\t\t\t\t<\/div>\n\t\t\t\t<\/div>\n\t\t\t\t<\/div>\n\t\t","protected":false},"excerpt":{"rendered":"<p>Eliminar Conta Por favor, preenche os dados da conta que queres que eliminemos. Vamos enviar um email para o endere\u00e7o de email para confirmar que \u00e9s mesmo tu. S\u00f3 depois \u00e9 que eliminaremos a tua conta. Eliminar a tua conta e os teus dados significa que todo o teu progresso na aplica\u00e7\u00e3o ser\u00e1 perdido para [&hellip;]<\/p>\n","protected":false},"author":1,"featured_media":0,"parent":0,"menu_order":0,"comment_status":"closed","ping_status":"closed","template":"","meta":{"site-sidebar-layout":"no-sidebar","site-content-layout":"page-builder","ast-site-content-layout":"full-width-container","site-content-style":"unboxed","site-sidebar-style":"unboxed","ast-global-header-display":"","ast-banner-title-visibility":"","ast-main-header-display":"","ast-hfb-above-header-display":"","ast-hfb-below-header-display":"","ast-hfb-mobile-header-display":"","site-post-title":"disabled","ast-breadcrumbs-content":"","ast-featured-img":"disabled","footer-sml-layout":"","theme-transparent-header-meta":"","adv-header-id-meta":"","stick-header-meta":"","header-above-stick-meta":"","header-main-stick-meta":"","header-below-stick-meta":"","astra-migrate-meta-layouts":"set","ast-page-background-enabled":"default","ast-page-background-meta":{"desktop":{"background-color":"var(--ast-global-color-4)","background-image":"","background-repeat":"repeat","background-position":"center center","background-size":"auto","background-attachment":"scroll","background-type":"","background-media":"","overlay-type":"","overlay-color":"","overlay-opacity":"","overlay-gradient":""},"tablet":{"background-color":"","background-image":"","background-repeat":"repeat","background-position":"center center","background-size":"auto","background-attachment":"scroll","background-type":"","background-media":"","overlay-type":"","overlay-color":"","overlay-opacity":"","overlay-gradient":""},"mobile":{"background-color":"","background-image":"","background-repeat":"repeat","background-position":"center center","background-size":"auto","background-attachment":"scroll","background-type":"","background-media":"","overlay-type":"","overlay-color":"","overlay-opacity":"","overlay-gradient":""}},"ast-content-background-meta":{"desktop":{"background-color":"var(--ast-global-color-5)","background-image":"","background-repeat":"repeat","background-position":"center center","background-size":"auto","background-attachment":"scroll","background-type":"","background-media":"","overlay-type":"","overlay-color":"","overlay-opacity":"","overlay-gradient":""},"tablet":{"background-color":"var(--ast-global-color-5)","background-image":"","background-repeat":"repeat","background-position":"center center","background-size":"auto","background-attachment":"scroll","background-type":"","background-media":"","overlay-type":"","overlay-color":"","overlay-opacity":"","overlay-gradient":""},"mobile":{"background-color":"var(--ast-global-color-5)","background-image":"","background-repeat":"repeat","background-position":"center center","background-size":"auto","background-attachment":"scroll","background-type":"","background-media":"","overlay-type":"","overlay-color":"","overlay-opacity":"","overlay-gradient":""}},"footnotes":""},"class_list":["post-39102","page","type-page","status-publish","hentry"],"aioseo_notices":[],"_links":{"self":[{"href":"https:\/\/goliaz.com\/it\/wp-json\/wp\/v2\/pages\/39102"}],"collection":[{"href":"https:\/\/goliaz.com\/it\/wp-json\/wp\/v2\/pages"}],"about":[{"href":"https:\/\/goliaz.com\/it\/wp-json\/wp\/v2\/types\/page"}],"author":[{"embeddable":true,"href":"https:\/\/goliaz.com\/it\/wp-json\/wp\/v2\/users\/1"}],"replies":[{"embeddable":true,"href":"https:\/\/goliaz.com\/it\/wp-json\/wp\/v2\/comments?post=39102"}],"version-history":[{"count":4,"href":"https:\/\/goliaz.com\/it\/wp-json\/wp\/v2\/pages\/39102\/revisions"}],"predecessor-version":[{"id":39111,"href":"https:\/\/goliaz.com\/it\/wp-json\/wp\/v2\/pages\/39102\/revisions\/39111"}],"wp:attachment":[{"href":"https:\/\/goliaz.com\/it\/wp-json\/wp\/v2\/media?parent=39102"}],"curies":[{"name":"wp","href":"https:\/\/api.w.org\/{rel}","templated":true}]}}