{"id":39132,"date":"2024-11-20T19:52:48","date_gmt":"2024-11-20T19:52:48","guid":{"rendered":"https:\/\/goliaz.com\/?page_id=39132"},"modified":"2024-11-20T20:01:27","modified_gmt":"2024-11-20T20:01:27","slug":"account-loschen","status":"publish","type":"page","link":"https:\/\/goliaz.com\/it\/account-loschen\/","title":{"rendered":"Account l\u00f6schen"},"content":{"rendered":"\t\t<div data-elementor-type=\"wp-page\" data-elementor-id=\"39132\" class=\"elementor elementor-39132\">\n\t\t\t\t<div class=\"elementor-element elementor-element-6f289b5 e-flex e-con-boxed e-con e-parent\" data-id=\"6f289b5\" data-element_type=\"container\" data-e-type=\"container\" data-settings=\"{&quot;background_background&quot;:&quot;classic&quot;}\">\n\t\t\t\t\t<div class=\"e-con-inner\">\n\t\t\t\t<div class=\"elementor-element elementor-element-b2fc462 elementor-widget elementor-widget-heading\" data-id=\"b2fc462\" data-element_type=\"widget\" data-e-type=\"widget\" data-widget_type=\"heading.default\">\n\t\t\t\t<div class=\"elementor-widget-container\">\n\t\t\t\t\t<h1 class=\"elementor-heading-title elementor-size-default\">Account l\u00f6schen<\/h1>\t\t\t\t<\/div>\n\t\t\t\t<\/div>\n\t\t\t\t<div class=\"elementor-element elementor-element-467b3f3 elementor-widget elementor-widget-text-editor\" data-id=\"467b3f3\" data-element_type=\"widget\" data-e-type=\"widget\" data-widget_type=\"text-editor.default\">\n\t\t\t\t<div class=\"elementor-widget-container\">\n\t\t\t\t\t\t\t\t\t<p>Bitte gib die Daten deines Kontos an, das wir l\u00f6schen sollen. Wir werden eine E-Mail an die E-Mail-Adresse senden, um zu best\u00e4tigen, dass du es wirklich bist. Erst danach l\u00f6schen wir dein Konto.<\/p><p><strong>Das L\u00f6schen deines Accounts und deiner Daten bedeutet, dass alle deine Fortschritte in der App f\u00fcr immer verloren gehen.<\/strong><\/p><ul><li>Du kannst dich nicht mehr anmelden und deine Daten, einschlie\u00dflich deiner Workouts, Punkte, Badges und Kommentare werden gel\u00f6scht.<br \/><br \/><\/li><li>Ein bestehendes Abonnement bleibt bis zum Ablaufdatum aktiv.<br \/><br \/><\/li><li>Wenn du ein Abonnement im App Store abgeschlossen hast, k\u00fcndigst du das Abonnement unter<br \/>iOS-Einstellungen &gt; Apple ID &gt; Abonnements<br \/><br \/><\/li><li><span data-sheets-value=\"{&quot;1&quot;:2,&quot;2&quot;:&quot;If you subscribed through the Google Play Store, you will need to cancel your subscription in the Google Play Store app. Open the Google Play Store, tap on the menu icon (usually three horizontal lines), select 'Subscriptions,' and then choose the subscription you want to cancel.&quot;}\" data-sheets-userformat=\"{&quot;2&quot;:4995,&quot;3&quot;:{&quot;1&quot;:0},&quot;4&quot;:{&quot;1&quot;:2,&quot;2&quot;:14281427},&quot;10&quot;:0,&quot;11&quot;:4,&quot;12&quot;:0,&quot;15&quot;:&quot;Arial&quot;}\">Wenn du dein Abo \u00fcber Google Play Store abgeschlossen hast, musst du es in der Google Play Store App k\u00fcndigen. \u00d6ffne Google Play Store, tippe auf das Men\u00fcsymbol (normalerweise drei horizontale Linien), w\u00e4hle &#8216;Abonnements&#8217; und dann das Abonnement aus, das du k\u00fcndigen m\u00f6chtest.<br \/><br \/><\/span><\/li><li>Wenn du ein Abonnement im App Store abgeschlossen hast, k\u00fcndigst du das Abonnement unter<\/li><\/ul>\t\t\t\t\t\t\t\t<\/div>\n\t\t\t\t<\/div>\n\t\t<div class=\"elementor-element elementor-element-732d1b6 e-flex e-con-boxed e-con e-child\" data-id=\"732d1b6\" data-element_type=\"container\" data-e-type=\"container\" data-settings=\"{&quot;background_background&quot;:&quot;classic&quot;}\">\n\t\t\t\t\t<div class=\"e-con-inner\">\n\t\t\t\t<div class=\"elementor-element elementor-element-f85390b elementor-widget elementor-widget-shortcode\" data-id=\"f85390b\" data-element_type=\"widget\" data-e-type=\"widget\" data-widget_type=\"shortcode.default\">\n\t\t\t\t<div class=\"elementor-widget-container\">\n\t\t\t\t\t\t\t<div class=\"elementor-shortcode\"><div class=\"wpforms-container wpforms-container-full\" id=\"wpforms-39134\"><form id=\"wpforms-form-39134\" class=\"wpforms-validate wpforms-form wpforms-ajax-form\" data-formid=\"39134\" method=\"post\" enctype=\"multipart\/form-data\" action=\"\/it\/wp-json\/wp\/v2\/pages\/39132\" data-token=\"45ae5e83f182f7947492477c95c46fa9\" data-token-time=\"1776278113\"><noscript class=\"wpforms-error-noscript\">Abilita JavaScript nel browser per completare questo modulo.<\/noscript><div class=\"wpforms-field-container\"><div id=\"wpforms-39134-field_0-container\" class=\"wpforms-field wpforms-field-name\" data-field-id=\"0\"><label class=\"wpforms-field-label\" for=\"wpforms-39134-field_0\">Name <span class=\"wpforms-required-label\">*<\/span><\/label><input type=\"text\" id=\"wpforms-39134-field_0\" class=\"wpforms-field-medium wpforms-field-required\" name=\"wpforms[fields][0]\" required><\/div><div id=\"wpforms-39134-field_1-container\" class=\"wpforms-field wpforms-field-email\" data-field-id=\"1\"><label class=\"wpforms-field-label\" for=\"wpforms-39134-field_1\">E-Mail <span class=\"wpforms-required-label\">*<\/span><\/label><input type=\"email\" id=\"wpforms-39134-field_1\" class=\"wpforms-field-medium wpforms-field-required\" name=\"wpforms[fields][1]\" spellcheck=\"false\" required><\/div><div id=\"wpforms-39134-field_2-container\" class=\"wpforms-field wpforms-field-textarea\" data-field-id=\"2\"><label class=\"wpforms-field-label\" for=\"wpforms-39134-field_2\">Es tut uns leid, dass du gehst. M\u00f6chtest du uns mitteilen, warum du dich entschieden hast dein Konto zu l\u00f6schen? Dein Feedback ist f\u00fcr uns wertvoll.<\/label><textarea id=\"wpforms-39134-field_2\" class=\"wpforms-field-medium\" name=\"wpforms[fields][2]\" ><\/textarea><\/div><\/div><!-- .wpforms-field-container --><div class=\"wpforms-submit-container\" ><input type=\"hidden\" name=\"wpforms[id]\" value=\"39134\"><input type=\"hidden\" name=\"page_title\" value=\"\"><input type=\"hidden\" name=\"page_url\" value=\"https:\/\/goliaz.com\/it\/wp-json\/wp\/v2\/pages\/39132\"><input type=\"hidden\" name=\"url_referer\" value=\"\"><button type=\"submit\" name=\"wpforms[submit]\" id=\"wpforms-submit-39134\" class=\"wpforms-submit\" data-alt-text=\"Senden...\" data-submit-text=\"Senden\" aria-live=\"assertive\" value=\"wpforms-submit\">Senden<\/button><img decoding=\"async\" src=\"https:\/\/goliaz.com\/wp-content\/plugins\/wpforms-lite\/assets\/images\/submit-spin.svg\" class=\"wpforms-submit-spinner\" style=\"display: none;\" width=\"26\" height=\"26\" alt=\"Caricamento\"><\/div><\/form><\/div>  <!-- .wpforms-container --><\/div>\n\t\t\t\t\t\t<\/div>\n\t\t\t\t<\/div>\n\t\t\t\t\t<\/div>\n\t\t\t\t<\/div>\n\t\t\t\t\t<\/div>\n\t\t\t\t<\/div>\n\t\t\t\t<\/div>\n\t\t","protected":false},"excerpt":{"rendered":"<p>Account l\u00f6schen Bitte gib die Daten deines Kontos an, das wir l\u00f6schen sollen. Wir werden eine E-Mail an die E-Mail-Adresse senden, um zu best\u00e4tigen, dass du es wirklich bist. Erst danach l\u00f6schen wir dein Konto. Das L\u00f6schen deines Accounts und deiner Daten bedeutet, dass alle deine Fortschritte in der App f\u00fcr immer verloren gehen. Du [&hellip;]<\/p>\n","protected":false},"author":1,"featured_media":0,"parent":0,"menu_order":0,"comment_status":"closed","ping_status":"closed","template":"","meta":{"site-sidebar-layout":"no-sidebar","site-content-layout":"page-builder","ast-site-content-layout":"full-width-container","site-content-style":"unboxed","site-sidebar-style":"unboxed","ast-global-header-display":"","ast-banner-title-visibility":"","ast-main-header-display":"","ast-hfb-above-header-display":"","ast-hfb-below-header-display":"","ast-hfb-mobile-header-display":"","site-post-title":"disabled","ast-breadcrumbs-content":"","ast-featured-img":"disabled","footer-sml-layout":"","theme-transparent-header-meta":"","adv-header-id-meta":"","stick-header-meta":"","header-above-stick-meta":"","header-main-stick-meta":"","header-below-stick-meta":"","astra-migrate-meta-layouts":"set","ast-page-background-enabled":"default","ast-page-background-meta":{"desktop":{"background-color":"var(--ast-global-color-4)","background-image":"","background-repeat":"repeat","background-position":"center center","background-size":"auto","background-attachment":"scroll","background-type":"","background-media":"","overlay-type":"","overlay-color":"","overlay-opacity":"","overlay-gradient":""},"tablet":{"background-color":"","background-image":"","background-repeat":"repeat","background-position":"center center","background-size":"auto","background-attachment":"scroll","background-type":"","background-media":"","overlay-type":"","overlay-color":"","overlay-opacity":"","overlay-gradient":""},"mobile":{"background-color":"","background-image":"","background-repeat":"repeat","background-position":"center center","background-size":"auto","background-attachment":"scroll","background-type":"","background-media":"","overlay-type":"","overlay-color":"","overlay-opacity":"","overlay-gradient":""}},"ast-content-background-meta":{"desktop":{"background-color":"var(--ast-global-color-5)","background-image":"","background-repeat":"repeat","background-position":"center center","background-size":"auto","background-attachment":"scroll","background-type":"","background-media":"","overlay-type":"","overlay-color":"","overlay-opacity":"","overlay-gradient":""},"tablet":{"background-color":"var(--ast-global-color-5)","background-image":"","background-repeat":"repeat","background-position":"center center","background-size":"auto","background-attachment":"scroll","background-type":"","background-media":"","overlay-type":"","overlay-color":"","overlay-opacity":"","overlay-gradient":""},"mobile":{"background-color":"var(--ast-global-color-5)","background-image":"","background-repeat":"repeat","background-position":"center center","background-size":"auto","background-attachment":"scroll","background-type":"","background-media":"","overlay-type":"","overlay-color":"","overlay-opacity":"","overlay-gradient":""}},"footnotes":""},"class_list":["post-39132","page","type-page","status-publish","hentry"],"aioseo_notices":[],"_links":{"self":[{"href":"https:\/\/goliaz.com\/it\/wp-json\/wp\/v2\/pages\/39132"}],"collection":[{"href":"https:\/\/goliaz.com\/it\/wp-json\/wp\/v2\/pages"}],"about":[{"href":"https:\/\/goliaz.com\/it\/wp-json\/wp\/v2\/types\/page"}],"author":[{"embeddable":true,"href":"https:\/\/goliaz.com\/it\/wp-json\/wp\/v2\/users\/1"}],"replies":[{"embeddable":true,"href":"https:\/\/goliaz.com\/it\/wp-json\/wp\/v2\/comments?post=39132"}],"version-history":[{"count":4,"href":"https:\/\/goliaz.com\/it\/wp-json\/wp\/v2\/pages\/39132\/revisions"}],"predecessor-version":[{"id":39140,"href":"https:\/\/goliaz.com\/it\/wp-json\/wp\/v2\/pages\/39132\/revisions\/39140"}],"wp:attachment":[{"href":"https:\/\/goliaz.com\/it\/wp-json\/wp\/v2\/media?parent=39132"}],"curies":[{"name":"wp","href":"https:\/\/api.w.org\/{rel}","templated":true}]}}