{"id":13522,"date":"2019-09-16T16:12:39","date_gmt":"2019-09-16T16:12:39","guid":{"rendered":"http:\/\/goliaz.com\/?post_type=product&#038;p=13522"},"modified":"2023-11-24T15:12:08","modified_gmt":"2023-11-24T15:12:08","slug":"sweat-pants-unisex","status":"publish","type":"product","link":"https:\/\/goliaz.com\/pt\/produto\/sweat-pants-unisex\/","title":{"rendered":"CAL\u00c7AS DE TREINO UNISEXO"},"content":{"rendered":"<h3 class=\"woocommerce_description\">DESCRI\u00c7\u00c3O<\/h3>\n<p style=\"text-align: left;\"><img decoding=\"async\" class=\"alignnone wp-image-31564 size-medium\" src=\"https:\/\/goliaz.com\/wp-content\/uploads\/2019\/09\/SP3-018-EUA-300x120.jpeg\" alt=\"\" width=\"600\" srcset=\"https:\/\/goliaz.com\/wp-content\/uploads\/2019\/09\/SP3-018-EUA-300x120.jpeg 300w, https:\/\/goliaz.com\/wp-content\/uploads\/2019\/09\/SP3-018-EUA-1024x410.jpeg 1024w, https:\/\/goliaz.com\/wp-content\/uploads\/2019\/09\/SP3-018-EUA-768x307.jpeg 768w, https:\/\/goliaz.com\/wp-content\/uploads\/2019\/09\/SP3-018-EUA-1536x614.jpeg 1536w, https:\/\/goliaz.com\/wp-content\/uploads\/2019\/09\/SP3-018-EUA-2048x819.jpeg 2048w, https:\/\/goliaz.com\/wp-content\/uploads\/2019\/09\/SP3-018-EUA-16x6.jpeg 16w, https:\/\/goliaz.com\/wp-content\/uploads\/2019\/09\/SP3-018-EUA-600x240.jpeg 600w\" sizes=\"(max-width: 300px) 100vw, 300px\" \/><\/p>\n<p><strong>Material:<\/strong><\/p>\n<ul>\n<li>O material SOFTSHIELD \u00e9 macio, proporciona um conforto excepcional e sem restri\u00e7\u00f5es no caminho para o treino e depois das competi\u00e7\u00f5es. Perfeito para dias mais frios.<\/li>\n<li>O tecido cont\u00e9m fibras de I\u00f5es de Prata com propriedades bacteriost\u00e1ticas, suprimindo eficazmente o odor.<\/li>\n<\/ul>\n<p><strong>Caracter\u00edsticas pr\u00e1ticas:<\/strong><\/p>\n<ul>\n<li>Ajuste solto.<\/li>\n<li>Dois bolsos laterais com fechos de correr.<\/li>\n<li>O cord\u00e3o permite adaptar a cintura para um ajuste perfeito.<\/li>\n<\/ul>\n<p><strong>Tecido:<\/strong><\/p>\n<p>100% Poli\u00e9ster<\/p>","protected":false},"excerpt":{"rendered":"<p><span data-sheets-value=\"{&quot;1&quot;:2,&quot;2&quot;:&quot;These SWEAT PANTS will keep you warm in winter on your way to your training spot. (We won't tell the Coach that you just plan to wear them on the couch)&quot;}\" data-sheets-userformat=\"{&quot;2&quot;:771,&quot;3&quot;:{&quot;1&quot;:0},&quot;4&quot;:[null,2,14281427],&quot;11&quot;:4,&quot;12&quot;:0}\">These SWEAT PANTS will keep you warm in winter on your way to your training spot. (We won&#8217;t tell the Coach that you just plan to wear them on the couch)<\/span><\/p>\n","protected":false},"featured_media":20238,"template":"","meta":{"site-sidebar-layout":"default","site-content-layout":"","ast-site-content-layout":"","site-content-style":"default","site-sidebar-style":"default","ast-global-header-display":"","ast-banner-title-visibility":"","ast-main-header-display":"","ast-hfb-above-header-display":"","ast-hfb-below-header-display":"","ast-hfb-mobile-header-display":"","site-post-title":"","ast-breadcrumbs-content":"","ast-featured-img":"","footer-sml-layout":"","theme-transparent-header-meta":"","adv-header-id-meta":"","stick-header-meta":"","header-above-stick-meta":"","header-main-stick-meta":"","header-below-stick-meta":"","astra-migrate-meta-layouts":"default","ast-page-background-enabled":"default","ast-page-background-meta":{"desktop":{"background-color":"var(--ast-global-color-4)","background-image":"","background-repeat":"repeat","background-position":"center center","background-size":"auto","background-attachment":"scroll","background-type":"","background-media":"","overlay-type":"","overlay-color":"","overlay-opacity":"","overlay-gradient":""},"tablet":{"background-color":"","background-image":"","background-repeat":"repeat","background-position":"center center","background-size":"auto","background-attachment":"scroll","background-type":"","background-media":"","overlay-type":"","overlay-color":"","overlay-opacity":"","overlay-gradient":""},"mobile":{"background-color":"","background-image":"","background-repeat":"repeat","background-position":"center center","background-size":"auto","background-attachment":"scroll","background-type":"","background-media":"","overlay-type":"","overlay-color":"","overlay-opacity":"","overlay-gradient":""}},"ast-content-background-meta":{"desktop":{"background-color":"var(--ast-global-color-5)","background-image":"","background-repeat":"repeat","background-position":"center center","background-size":"auto","background-attachment":"scroll","background-type":"","background-media":"","overlay-type":"","overlay-color":"","overlay-opacity":"","overlay-gradient":""},"tablet":{"background-color":"var(--ast-global-color-5)","background-image":"","background-repeat":"repeat","background-position":"center center","background-size":"auto","background-attachment":"scroll","background-type":"","background-media":"","overlay-type":"","overlay-color":"","overlay-opacity":"","overlay-gradient":""},"mobile":{"background-color":"var(--ast-global-color-5)","background-image":"","background-repeat":"repeat","background-position":"center center","background-size":"auto","background-attachment":"scroll","background-type":"","background-media":"","overlay-type":"","overlay-color":"","overlay-opacity":"","overlay-gradient":""}}},"product_brand":[],"product_cat":[258,257],"product_tag":[218],"class_list":{"0":"post-13522","1":"product","2":"type-product","3":"status-publish","4":"has-post-thumbnail","6":"product_cat-all-products","7":"product_cat-pants","8":"product_tag-pants","10":"first","11":"instock","12":"taxable","13":"shipping-taxable","14":"purchasable","15":"product-type-variable"},"aioseo_notices":[],"_links":{"self":[{"href":"https:\/\/goliaz.com\/pt\/wp-json\/wp\/v2\/product\/13522"}],"collection":[{"href":"https:\/\/goliaz.com\/pt\/wp-json\/wp\/v2\/product"}],"about":[{"href":"https:\/\/goliaz.com\/pt\/wp-json\/wp\/v2\/types\/product"}],"wp:featuredmedia":[{"embeddable":true,"href":"https:\/\/goliaz.com\/pt\/wp-json\/wp\/v2\/media\/20238"}],"wp:attachment":[{"href":"https:\/\/goliaz.com\/pt\/wp-json\/wp\/v2\/media?parent=13522"}],"wp:term":[{"taxonomy":"product_brand","embeddable":true,"href":"https:\/\/goliaz.com\/pt\/wp-json\/wp\/v2\/product_brand?post=13522"},{"taxonomy":"product_cat","embeddable":true,"href":"https:\/\/goliaz.com\/pt\/wp-json\/wp\/v2\/product_cat?post=13522"},{"taxonomy":"product_tag","embeddable":true,"href":"https:\/\/goliaz.com\/pt\/wp-json\/wp\/v2\/product_tag?post=13522"}],"curies":[{"name":"wp","href":"https:\/\/api.w.org\/{rel}","templated":true}]}}