{"id":19941,"date":"2020-12-01T09:15:55","date_gmt":"2020-12-01T09:15:55","guid":{"rendered":"http:\/\/goliaz.com\/?post_type=product&#038;p=19941"},"modified":"2025-04-27T11:44:58","modified_gmt":"2025-04-27T11:44:58","slug":"womens-sport-top","status":"publish","type":"product","link":"https:\/\/goliaz.com\/pt\/produto\/womens-sport-top\/","title":{"rendered":"TOP DESPORTIVO MULHER"},"content":{"rendered":"<h3 class=\"woocommerce_description\">DESCRI\u00c7\u00c3O<\/h3>\n<p><img decoding=\"async\" class=\"alignnone wp-image-31570 size-medium\" src=\"https:\/\/goliaz.com\/wp-content\/uploads\/2020\/12\/TT4-006-EUW-300x120.jpeg\" alt=\"\" width=\"600\" srcset=\"https:\/\/goliaz.com\/wp-content\/uploads\/2020\/12\/TT4-006-EUW-300x120.jpeg 300w, https:\/\/goliaz.com\/wp-content\/uploads\/2020\/12\/TT4-006-EUW-1024x410.jpeg 1024w, https:\/\/goliaz.com\/wp-content\/uploads\/2020\/12\/TT4-006-EUW-768x307.jpeg 768w, https:\/\/goliaz.com\/wp-content\/uploads\/2020\/12\/TT4-006-EUW-1536x614.jpeg 1536w, https:\/\/goliaz.com\/wp-content\/uploads\/2020\/12\/TT4-006-EUW-2048x819.jpeg 2048w, https:\/\/goliaz.com\/wp-content\/uploads\/2020\/12\/TT4-006-EUW-16x6.jpeg 16w, https:\/\/goliaz.com\/wp-content\/uploads\/2020\/12\/TT4-006-EUW-600x240.jpeg 600w\" sizes=\"(max-width: 300px) 100vw, 300px\" \/><\/p>\n<p><strong>Material:<\/strong><\/p>\n<ul>\n<li>O tecido absorvente de humidade THERMOPERFORMANCE ajuda-te a manter-te seco e confort\u00e1vel.<\/li>\n<li>Material leve e respir\u00e1vel garante uma secagem r\u00e1pida, mesmo depois de mergulhares num obst\u00e1culo com \u00e1gua.<\/li>\n<li>O tecido cont\u00e9m fibras de I\u00f5es de Prata com propriedades bacteriost\u00e1ticas, suprimindo eficazmente o odor.<\/li>\n<\/ul>\n<p><strong>Caracter\u00edsticas pr\u00e1ticas:<\/strong><\/p>\n<ul>\n<li>Tamanho justo e confort\u00e1vel.<\/li>\n<li>A tecnologia SECOND SKIN, consiste num corte especial baseado na anatomia e estrutura dos pain\u00e9is o que assegura um ajuste perfeito, liberdade de movimento ilimitada, maior resist\u00eancia a danos e deforma\u00e7\u00f5es.<\/li>\n<\/ul>\n<p><strong>Tecido:<\/strong><\/p>\n<p>82% Poli\u00e9ster, 18% Elastano<\/p>","protected":false},"excerpt":{"rendered":"<p><span data-sheets-value=\"{&quot;1&quot;:2,&quot;2&quot;:&quot;This Sports Bra is great for fitness, crossfit, yoga and bodyweight training.&quot;}\" data-sheets-userformat=\"{&quot;2&quot;:771,&quot;3&quot;:{&quot;1&quot;:0},&quot;4&quot;:[null,2,14281427],&quot;11&quot;:4,&quot;12&quot;:0}\" data-sheets-textstyleruns=\"\uee10\uee10\">This Sports Bra is great for fitness, crossfit, yoga and bodyweight training.<\/span><\/p>\n","protected":false},"featured_media":20196,"template":"","meta":{"site-sidebar-layout":"default","site-content-layout":"","ast-site-content-layout":"","site-content-style":"default","site-sidebar-style":"default","ast-global-header-display":"","ast-banner-title-visibility":"","ast-main-header-display":"","ast-hfb-above-header-display":"","ast-hfb-below-header-display":"","ast-hfb-mobile-header-display":"","site-post-title":"","ast-breadcrumbs-content":"","ast-featured-img":"","footer-sml-layout":"","theme-transparent-header-meta":"","adv-header-id-meta":"","stick-header-meta":"","header-above-stick-meta":"","header-main-stick-meta":"","header-below-stick-meta":"","astra-migrate-meta-layouts":"default","ast-page-background-enabled":"default","ast-page-background-meta":{"desktop":{"background-color":"var(--ast-global-color-4)","background-image":"","background-repeat":"repeat","background-position":"center center","background-size":"auto","background-attachment":"scroll","background-type":"","background-media":"","overlay-type":"","overlay-color":"","overlay-opacity":"","overlay-gradient":""},"tablet":{"background-color":"","background-image":"","background-repeat":"repeat","background-position":"center center","background-size":"auto","background-attachment":"scroll","background-type":"","background-media":"","overlay-type":"","overlay-color":"","overlay-opacity":"","overlay-gradient":""},"mobile":{"background-color":"","background-image":"","background-repeat":"repeat","background-position":"center center","background-size":"auto","background-attachment":"scroll","background-type":"","background-media":"","overlay-type":"","overlay-color":"","overlay-opacity":"","overlay-gradient":""}},"ast-content-background-meta":{"desktop":{"background-color":"var(--ast-global-color-5)","background-image":"","background-repeat":"repeat","background-position":"center center","background-size":"auto","background-attachment":"scroll","background-type":"","background-media":"","overlay-type":"","overlay-color":"","overlay-opacity":"","overlay-gradient":""},"tablet":{"background-color":"var(--ast-global-color-5)","background-image":"","background-repeat":"repeat","background-position":"center center","background-size":"auto","background-attachment":"scroll","background-type":"","background-media":"","overlay-type":"","overlay-color":"","overlay-opacity":"","overlay-gradient":""},"mobile":{"background-color":"var(--ast-global-color-5)","background-image":"","background-repeat":"repeat","background-position":"center center","background-size":"auto","background-attachment":"scroll","background-type":"","background-media":"","overlay-type":"","overlay-color":"","overlay-opacity":"","overlay-gradient":""}}},"product_brand":[],"product_cat":[258,252],"product_tag":[],"class_list":{"0":"post-19941","1":"product","2":"type-product","3":"status-publish","4":"has-post-thumbnail","6":"product_cat-all-products","7":"product_cat-shirts","9":"first","10":"instock","11":"taxable","12":"shipping-taxable","13":"purchasable","14":"product-type-variable"},"aioseo_notices":[],"_links":{"self":[{"href":"https:\/\/goliaz.com\/pt\/wp-json\/wp\/v2\/product\/19941"}],"collection":[{"href":"https:\/\/goliaz.com\/pt\/wp-json\/wp\/v2\/product"}],"about":[{"href":"https:\/\/goliaz.com\/pt\/wp-json\/wp\/v2\/types\/product"}],"wp:featuredmedia":[{"embeddable":true,"href":"https:\/\/goliaz.com\/pt\/wp-json\/wp\/v2\/media\/20196"}],"wp:attachment":[{"href":"https:\/\/goliaz.com\/pt\/wp-json\/wp\/v2\/media?parent=19941"}],"wp:term":[{"taxonomy":"product_brand","embeddable":true,"href":"https:\/\/goliaz.com\/pt\/wp-json\/wp\/v2\/product_brand?post=19941"},{"taxonomy":"product_cat","embeddable":true,"href":"https:\/\/goliaz.com\/pt\/wp-json\/wp\/v2\/product_cat?post=19941"},{"taxonomy":"product_tag","embeddable":true,"href":"https:\/\/goliaz.com\/pt\/wp-json\/wp\/v2\/product_tag?post=19941"}],"curies":[{"name":"wp","href":"https:\/\/api.w.org\/{rel}","templated":true}]}}