{"id":20126,"date":"2020-12-05T22:46:45","date_gmt":"2020-12-05T22:46:45","guid":{"rendered":"http:\/\/goliaz.com\/?post_type=product&#038;p=20126"},"modified":"2025-04-27T11:44:58","modified_gmt":"2025-04-27T11:44:58","slug":"womens-hoodie-with-reflective-tape","status":"publish","type":"product","link":"https:\/\/goliaz.com\/pt\/produto\/womens-hoodie-with-reflective-tape\/","title":{"rendered":"HOODIE FITA REFLETORA MULHER"},"content":{"rendered":"<h3 class=\"woocommerce_description\">DESCRI\u00c7\u00c3O<\/h3>\n<h3 class=\"woocommerce_description\"><img fetchpriority=\"high\" decoding=\"async\" class=\"alignnone size-full wp-image-20569\" src=\"https:\/\/goliaz.com\/wp-content\/uploads\/2020\/12\/TL551_SizeChart_EN.jpg\" alt=\"\" width=\"425\" height=\"255\" \/><\/h3>\n<p><strong>Material:<\/strong><\/p>\n<ul>\n<li>Fita reflectora nas mangas.<\/li>\n<li>Capuz a condizer.<\/li>\n<\/ul>\n<p><strong>Caracter\u00edsticas pr\u00e1ticas:<\/strong><\/p>\n<ul>\n<li>Mangas Raglan.<\/li>\n<li>Bolsos interiores MP3.<\/li>\n<li>Orif\u00edcios para os polegares nas mangas.<\/li>\n<li>O capuz perfilado \u00e9 ajust\u00e1vel com um cord\u00e3o de trac\u00e7\u00e3o.<\/li>\n<li>Fecho de correr de duas vias.<\/li>\n<li>Dois bolsos laterais com fechos de correr.<\/li>\n<\/ul>\n<p><strong>Tecido:<\/strong><br \/>\n100% Poli\u00e9ster<\/p>","protected":false},"excerpt":{"rendered":"<p><span data-sheets-value=\"{&quot;1&quot;:2,&quot;2&quot;:&quot;Carefully crafted with functionality and performance in mind, this hoodie with reflective sleeve tape ensures you will standout during those dark winter evenings.&quot;}\" data-sheets-userformat=\"{&quot;2&quot;:771,&quot;3&quot;:{&quot;1&quot;:0},&quot;4&quot;:[null,2,14281427],&quot;11&quot;:4,&quot;12&quot;:0}\">Carefully crafted with functionality and performance in mind, this hoodie with reflective sleeve tape ensures you will standout during those dark winter evenings.<\/span><\/p>\n","protected":false},"featured_media":20234,"template":"","meta":{"site-sidebar-layout":"default","site-content-layout":"","ast-site-content-layout":"","site-content-style":"default","site-sidebar-style":"default","ast-global-header-display":"","ast-banner-title-visibility":"","ast-main-header-display":"","ast-hfb-above-header-display":"","ast-hfb-below-header-display":"","ast-hfb-mobile-header-display":"","site-post-title":"","ast-breadcrumbs-content":"","ast-featured-img":"","footer-sml-layout":"","theme-transparent-header-meta":"","adv-header-id-meta":"","stick-header-meta":"","header-above-stick-meta":"","header-main-stick-meta":"","header-below-stick-meta":"","astra-migrate-meta-layouts":"default","ast-page-background-enabled":"default","ast-page-background-meta":{"desktop":{"background-color":"var(--ast-global-color-4)","background-image":"","background-repeat":"repeat","background-position":"center center","background-size":"auto","background-attachment":"scroll","background-type":"","background-media":"","overlay-type":"","overlay-color":"","overlay-opacity":"","overlay-gradient":""},"tablet":{"background-color":"","background-image":"","background-repeat":"repeat","background-position":"center center","background-size":"auto","background-attachment":"scroll","background-type":"","background-media":"","overlay-type":"","overlay-color":"","overlay-opacity":"","overlay-gradient":""},"mobile":{"background-color":"","background-image":"","background-repeat":"repeat","background-position":"center center","background-size":"auto","background-attachment":"scroll","background-type":"","background-media":"","overlay-type":"","overlay-color":"","overlay-opacity":"","overlay-gradient":""}},"ast-content-background-meta":{"desktop":{"background-color":"var(--ast-global-color-5)","background-image":"","background-repeat":"repeat","background-position":"center center","background-size":"auto","background-attachment":"scroll","background-type":"","background-media":"","overlay-type":"","overlay-color":"","overlay-opacity":"","overlay-gradient":""},"tablet":{"background-color":"var(--ast-global-color-5)","background-image":"","background-repeat":"repeat","background-position":"center center","background-size":"auto","background-attachment":"scroll","background-type":"","background-media":"","overlay-type":"","overlay-color":"","overlay-opacity":"","overlay-gradient":""},"mobile":{"background-color":"var(--ast-global-color-5)","background-image":"","background-repeat":"repeat","background-position":"center center","background-size":"auto","background-attachment":"scroll","background-type":"","background-media":"","overlay-type":"","overlay-color":"","overlay-opacity":"","overlay-gradient":""}}},"product_brand":[],"product_cat":[258,253],"product_tag":[219],"class_list":{"0":"post-20126","1":"product","2":"type-product","3":"status-publish","4":"has-post-thumbnail","6":"product_cat-all-products","7":"product_cat-hoodies","8":"product_tag-hoodie","10":"first","11":"instock","12":"taxable","13":"shipping-taxable","14":"purchasable","15":"product-type-variable"},"aioseo_notices":[],"_links":{"self":[{"href":"https:\/\/goliaz.com\/pt\/wp-json\/wp\/v2\/product\/20126"}],"collection":[{"href":"https:\/\/goliaz.com\/pt\/wp-json\/wp\/v2\/product"}],"about":[{"href":"https:\/\/goliaz.com\/pt\/wp-json\/wp\/v2\/types\/product"}],"wp:featuredmedia":[{"embeddable":true,"href":"https:\/\/goliaz.com\/pt\/wp-json\/wp\/v2\/media\/20234"}],"wp:attachment":[{"href":"https:\/\/goliaz.com\/pt\/wp-json\/wp\/v2\/media?parent=20126"}],"wp:term":[{"taxonomy":"product_brand","embeddable":true,"href":"https:\/\/goliaz.com\/pt\/wp-json\/wp\/v2\/product_brand?post=20126"},{"taxonomy":"product_cat","embeddable":true,"href":"https:\/\/goliaz.com\/pt\/wp-json\/wp\/v2\/product_cat?post=20126"},{"taxonomy":"product_tag","embeddable":true,"href":"https:\/\/goliaz.com\/pt\/wp-json\/wp\/v2\/product_tag?post=20126"}],"curies":[{"name":"wp","href":"https:\/\/api.w.org\/{rel}","templated":true}]}}