{"id":3169,"date":"2018-09-19T03:28:09","date_gmt":"2018-09-19T03:28:09","guid":{"rendered":"https:\/\/goliaz-store.labs.dengun.com\/?post_type=product&#038;p=3169"},"modified":"2021-10-04T10:08:32","modified_gmt":"2021-10-04T10:08:32","slug":"unisex-goliaz-training-t-shirt","status":"publish","type":"product","link":"https:\/\/goliaz.com\/pt\/produto\/unisex-goliaz-training-t-shirt\/","title":{"rendered":"T-SHIRT DE TREINO UNISEXO"},"content":{"rendered":"<h3 class=\"woocommerce_description\">DESCRI\u00c7\u00c3O<\/h3>\n<p><strong>Caracter\u00edsticas pr\u00e1ticas:<\/strong><\/p>\n<ul>\n<li>Absor\u00e7\u00e3o r\u00e1pida.<\/li>\n<li>Secagem r\u00e1pida.<\/li>\n<li>Ajuste c\u00f3modo e descontra\u00eddo<\/li>\n<li>Respir\u00e1vel.<\/li>\n<\/ul>","protected":false},"excerpt":{"rendered":"<p><span data-sheets-value=\"{&quot;1&quot;:2,&quot;2&quot;:&quot;The T-shirt is great for all indoor and outdoor activities, including OCR, street and mountain running.&quot;}\" data-sheets-userformat=\"{&quot;2&quot;:771,&quot;3&quot;:{&quot;1&quot;:0},&quot;4&quot;:[null,2,14281427],&quot;11&quot;:4,&quot;12&quot;:0}\" data-sheets-formula=\"='WMN\u2019S SHORT-SLEEVE COMPRESSION SHIRT'!R[0]C[0]\">The T-shirt is great for all indoor and outdoor activities, including OCR, street and mountain running.<\/span><\/p>\n","protected":false},"featured_media":20274,"template":"","meta":{"site-sidebar-layout":"default","site-content-layout":"","ast-site-content-layout":"","site-content-style":"default","site-sidebar-style":"default","ast-global-header-display":"","ast-banner-title-visibility":"","ast-main-header-display":"","ast-hfb-above-header-display":"","ast-hfb-below-header-display":"","ast-hfb-mobile-header-display":"","site-post-title":"","ast-breadcrumbs-content":"","ast-featured-img":"","footer-sml-layout":"","theme-transparent-header-meta":"","adv-header-id-meta":"","stick-header-meta":"","header-above-stick-meta":"","header-main-stick-meta":"","header-below-stick-meta":"","astra-migrate-meta-layouts":"default","ast-page-background-enabled":"default","ast-page-background-meta":{"desktop":{"background-color":"var(--ast-global-color-4)","background-image":"","background-repeat":"repeat","background-position":"center center","background-size":"auto","background-attachment":"scroll","background-type":"","background-media":"","overlay-type":"","overlay-color":"","overlay-opacity":"","overlay-gradient":""},"tablet":{"background-color":"","background-image":"","background-repeat":"repeat","background-position":"center center","background-size":"auto","background-attachment":"scroll","background-type":"","background-media":"","overlay-type":"","overlay-color":"","overlay-opacity":"","overlay-gradient":""},"mobile":{"background-color":"","background-image":"","background-repeat":"repeat","background-position":"center center","background-size":"auto","background-attachment":"scroll","background-type":"","background-media":"","overlay-type":"","overlay-color":"","overlay-opacity":"","overlay-gradient":""}},"ast-content-background-meta":{"desktop":{"background-color":"var(--ast-global-color-5)","background-image":"","background-repeat":"repeat","background-position":"center center","background-size":"auto","background-attachment":"scroll","background-type":"","background-media":"","overlay-type":"","overlay-color":"","overlay-opacity":"","overlay-gradient":""},"tablet":{"background-color":"var(--ast-global-color-5)","background-image":"","background-repeat":"repeat","background-position":"center center","background-size":"auto","background-attachment":"scroll","background-type":"","background-media":"","overlay-type":"","overlay-color":"","overlay-opacity":"","overlay-gradient":""},"mobile":{"background-color":"var(--ast-global-color-5)","background-image":"","background-repeat":"repeat","background-position":"center center","background-size":"auto","background-attachment":"scroll","background-type":"","background-media":"","overlay-type":"","overlay-color":"","overlay-opacity":"","overlay-gradient":""}}},"product_brand":[],"product_cat":[258,252],"product_tag":[248],"class_list":{"0":"post-3169","1":"product","2":"type-product","3":"status-publish","4":"has-post-thumbnail","6":"product_cat-all-products","7":"product_cat-shirts","8":"product_tag-shirt","10":"first","11":"instock","12":"taxable","13":"shipping-taxable","14":"purchasable","15":"product-type-variable"},"aioseo_notices":[],"_links":{"self":[{"href":"https:\/\/goliaz.com\/pt\/wp-json\/wp\/v2\/product\/3169"}],"collection":[{"href":"https:\/\/goliaz.com\/pt\/wp-json\/wp\/v2\/product"}],"about":[{"href":"https:\/\/goliaz.com\/pt\/wp-json\/wp\/v2\/types\/product"}],"wp:featuredmedia":[{"embeddable":true,"href":"https:\/\/goliaz.com\/pt\/wp-json\/wp\/v2\/media\/20274"}],"wp:attachment":[{"href":"https:\/\/goliaz.com\/pt\/wp-json\/wp\/v2\/media?parent=3169"}],"wp:term":[{"taxonomy":"product_brand","embeddable":true,"href":"https:\/\/goliaz.com\/pt\/wp-json\/wp\/v2\/product_brand?post=3169"},{"taxonomy":"product_cat","embeddable":true,"href":"https:\/\/goliaz.com\/pt\/wp-json\/wp\/v2\/product_cat?post=3169"},{"taxonomy":"product_tag","embeddable":true,"href":"https:\/\/goliaz.com\/pt\/wp-json\/wp\/v2\/product_tag?post=3169"}],"curies":[{"name":"wp","href":"https:\/\/api.w.org\/{rel}","templated":true}]}}